{"id":109426,"date":"2023-04-28T16:15:46","date_gmt":"2023-04-28T08:15:46","guid":{"rendered":"https:\/\/www.mobile-well.com\/?post_type=product&#038;p=109426"},"modified":"2023-04-28T16:16:00","modified_gmt":"2023-04-28T08:16:00","slug":"conexion-inalambrica-bluetooth-auriculares-hd-llamada-escuchar-musica-energia-movil-luz-tricolor","status":"publish","type":"product","link":"https:\/\/www.mobile-well.com\/es\/producto\/conexion-inalambrica-bluetooth-auriculares-hd-llamada-escuchar-musica-energia-movil-luz-tricolor\/","title":{"rendered":"Conexi\u00f3n inal\u00e1mbrica Bluetooth auriculares HD llamada escuchar m\u00fasica energ\u00eda m\u00f3vil luz tricolor"},"content":{"rendered":"","protected":false},"excerpt":{"rendered":"<ul>\n<li>Modelo M80<\/li>\n<li>Versi\u00f3n inal\u00e1mbrica: V5.3<\/li>\n<li>Distancia de transmisi\u00f3n:10M<\/li>\n<li>Perfiles: A2DP \/HFP\/HSP\/ AVRCP<\/li>\n<li>Tiempo de carga:aproximadamente 1,5 horas<\/li>\n<li>Bater\u00eda de los auriculares:30mAh*2<\/li>\n<li>Bater\u00eda del estuche de carga: 400mAh<\/li>\n<li>Caracter\u00edstica de la bater\u00eda: Bater\u00eda con placa de protecci\u00f3n de litio<\/li>\n<li>Altavoz:F10<\/li>\n<li>Puerto de carga: Micro Puerto<\/li>\n<li>Color:Negro<\/li>\n<li>Peso de un solo auricular:2.9G<\/li>\n<li>Peso neto del producto (estuche de carga + auriculares):44.3G<\/li>\n<li>Peso total del producto (con embalaje individual):69.2G<\/li>\n<\/ul>\n<div><\/div>\n","protected":false},"featured_media":109435,"template":"","meta":[],"product_brand":[],"product_cat":[3017],"product_tag":[3761],"class_list":{"0":"post-109426","1":"product","2":"type-product","3":"status-publish","4":"has-post-thumbnail","6":"product_cat-auriculares","7":"product_tag-auriculares-bluetooth","9":"first","10":"instock","11":"shipping-taxable","12":"product-type-simple"},"jetpack_sharing_enabled":true,"_links":{"self":[{"href":"https:\/\/www.mobile-well.com\/es\/wp-json\/wp\/v2\/product\/109426","targetHints":{"allow":["GET"]}}],"collection":[{"href":"https:\/\/www.mobile-well.com\/es\/wp-json\/wp\/v2\/product"}],"about":[{"href":"https:\/\/www.mobile-well.com\/es\/wp-json\/wp\/v2\/types\/product"}],"wp:featuredmedia":[{"embeddable":true,"href":"https:\/\/www.mobile-well.com\/es\/wp-json\/wp\/v2\/media\/109435"}],"wp:attachment":[{"href":"https:\/\/www.mobile-well.com\/es\/wp-json\/wp\/v2\/media?parent=109426"}],"wp:term":[{"taxonomy":"product_brand","embeddable":true,"href":"https:\/\/www.mobile-well.com\/es\/wp-json\/wp\/v2\/product_brand?post=109426"},{"taxonomy":"product_cat","embeddable":true,"href":"https:\/\/www.mobile-well.com\/es\/wp-json\/wp\/v2\/product_cat?post=109426"},{"taxonomy":"product_tag","embeddable":true,"href":"https:\/\/www.mobile-well.com\/es\/wp-json\/wp\/v2\/product_tag?post=109426"}],"curies":[{"name":"wp","href":"https:\/\/api.w.org\/{rel}","templated":true}]}}