{"id":109443,"date":"2023-04-28T16:20:51","date_gmt":"2023-04-28T08:20:51","guid":{"rendered":"https:\/\/www.mobile-well.com\/?post_type=product&#038;p=109443"},"modified":"2023-08-11T16:48:48","modified_gmt":"2023-08-11T08:48:48","slug":"auriculares-inalambricos-noise-cancelling-bt-headphones-hifi-stereo-gaming-headband-earphone-2","status":"publish","type":"product","link":"https:\/\/www.mobile-well.com\/es\/producto\/auriculares-inalambricos-noise-cancelling-bt-headphones-hifi-stereo-gaming-headband-earphone-2\/","title":{"rendered":"Nuevos auriculares intrauditivos para juegos Auriculares inal\u00e1mbricos para juegos est\u00e9reo con cancelaci\u00f3n de ruido"},"content":{"rendered":"","protected":false},"excerpt":{"rendered":"<ul>\n<li>Modelo: E9S<\/li>\n<li>Bater\u00eda del auricular: 30 mAh<\/li>\n<li>Bater\u00eda del compartimento: 200 mAh<\/li>\n<\/ul>\n","protected":false},"featured_media":109454,"template":"","meta":[],"product_brand":[],"product_cat":[3017],"product_tag":[8274],"class_list":{"0":"post-109443","1":"product","2":"type-product","3":"status-publish","4":"has-post-thumbnail","6":"product_cat-auriculares","7":"product_tag-auriculares-intrauditivos-para-juegos","9":"first","10":"instock","11":"shipping-taxable","12":"product-type-simple"},"jetpack_sharing_enabled":true,"_links":{"self":[{"href":"https:\/\/www.mobile-well.com\/es\/wp-json\/wp\/v2\/product\/109443","targetHints":{"allow":["GET"]}}],"collection":[{"href":"https:\/\/www.mobile-well.com\/es\/wp-json\/wp\/v2\/product"}],"about":[{"href":"https:\/\/www.mobile-well.com\/es\/wp-json\/wp\/v2\/types\/product"}],"wp:featuredmedia":[{"embeddable":true,"href":"https:\/\/www.mobile-well.com\/es\/wp-json\/wp\/v2\/media\/109454"}],"wp:attachment":[{"href":"https:\/\/www.mobile-well.com\/es\/wp-json\/wp\/v2\/media?parent=109443"}],"wp:term":[{"taxonomy":"product_brand","embeddable":true,"href":"https:\/\/www.mobile-well.com\/es\/wp-json\/wp\/v2\/product_brand?post=109443"},{"taxonomy":"product_cat","embeddable":true,"href":"https:\/\/www.mobile-well.com\/es\/wp-json\/wp\/v2\/product_cat?post=109443"},{"taxonomy":"product_tag","embeddable":true,"href":"https:\/\/www.mobile-well.com\/es\/wp-json\/wp\/v2\/product_tag?post=109443"}],"curies":[{"name":"wp","href":"https:\/\/api.w.org\/{rel}","templated":true}]}}