{"id":109470,"date":"2023-04-28T16:26:11","date_gmt":"2023-04-28T08:26:11","guid":{"rendered":"https:\/\/www.mobile-well.com\/?post_type=product&#038;p=109470"},"modified":"2023-08-11T17:44:41","modified_gmt":"2023-08-11T09:44:41","slug":"s23-nuevo-protector-de-lente-de-telefono-movil-black-knight-patron-cd","status":"publish","type":"product","link":"https:\/\/www.mobile-well.com\/es\/producto\/s23-nuevo-protector-de-lente-de-telefono-movil-black-knight-patron-cd\/","title":{"rendered":"S23 Nuevo protector de lente de tel\u00e9fono m\u00f3vil Black Knight patr\u00f3n CD"},"content":{"rendered":"","protected":false},"excerpt":{"rendered":"<ul>\n<li>S23 Ultra (8 colores): Verde salvaje, Negro, Morado, Blanco, Gris, Azul, Rojo; Verde lima<\/li>\n<li>S23\/S23+ (6 colores): Verde, Negro, Morado, Blanco, Verde lima, Gris;<\/li>\n<\/ul>\n","protected":false},"featured_media":109485,"template":"","meta":[],"product_brand":[],"product_cat":[467],"product_tag":[7973],"class_list":{"0":"post-109470","1":"product","2":"type-product","3":"status-publish","4":"has-post-thumbnail","6":"product_cat-gadgets-2","7":"product_tag-lente-de-telefono-movil-black-knight-patron-cd","9":"first","10":"instock","11":"shipping-taxable","12":"product-type-simple"},"jetpack_sharing_enabled":true,"_links":{"self":[{"href":"https:\/\/www.mobile-well.com\/es\/wp-json\/wp\/v2\/product\/109470","targetHints":{"allow":["GET"]}}],"collection":[{"href":"https:\/\/www.mobile-well.com\/es\/wp-json\/wp\/v2\/product"}],"about":[{"href":"https:\/\/www.mobile-well.com\/es\/wp-json\/wp\/v2\/types\/product"}],"wp:featuredmedia":[{"embeddable":true,"href":"https:\/\/www.mobile-well.com\/es\/wp-json\/wp\/v2\/media\/109485"}],"wp:attachment":[{"href":"https:\/\/www.mobile-well.com\/es\/wp-json\/wp\/v2\/media?parent=109470"}],"wp:term":[{"taxonomy":"product_brand","embeddable":true,"href":"https:\/\/www.mobile-well.com\/es\/wp-json\/wp\/v2\/product_brand?post=109470"},{"taxonomy":"product_cat","embeddable":true,"href":"https:\/\/www.mobile-well.com\/es\/wp-json\/wp\/v2\/product_cat?post=109470"},{"taxonomy":"product_tag","embeddable":true,"href":"https:\/\/www.mobile-well.com\/es\/wp-json\/wp\/v2\/product_tag?post=109470"}],"curies":[{"name":"wp","href":"https:\/\/api.w.org\/{rel}","templated":true}]}}