{"id":109532,"date":"2023-04-28T16:45:35","date_gmt":"2023-04-28T08:45:35","guid":{"rendered":"https:\/\/www.mobile-well.com\/?post_type=product&#038;p=109532"},"modified":"2023-08-10T16:20:53","modified_gmt":"2023-08-10T08:20:53","slug":"kit-cargador-de-pared-qc3-0-cargador-de-telefono-movil-18w-carga-rapida-usb-adaptador-de-viaje-eu-usa-enchufes","status":"publish","type":"product","link":"https:\/\/www.mobile-well.com\/es\/producto\/kit-cargador-de-pared-qc3-0-cargador-de-telefono-movil-18w-carga-rapida-usb-adaptador-de-viaje-eu-usa-enchufes\/","title":{"rendered":"Kit Cargador de Pared QC3.0 Cargador de Tel\u00e9fono M\u00f3vil 18W Carga R\u00e1pida USB Adaptador de Viaje EU USA Enchufes"},"content":{"rendered":"","protected":false},"excerpt":{"rendered":"<ul>\n<li>Entrada:AC 100-240V<\/li>\n<li>Frecuencia:50\/ 60Hz<\/li>\n<li>Corriente:0.5A<\/li>\n<li>Color: Blanco<\/li>\n<li>Tipo de enchufe:US\/EU<\/li>\n<li>Potencia nominal:18W<\/li>\n<li>Tipo de puerto: Puerto USB QC3.0<\/li>\n<li>Salida: 5V3A 9V2A 12V1.5A<\/li>\n<li>Peso:33.8G(us)<\/li>\n<li>Material:ABS<\/li>\n<\/ul>\n","protected":false},"featured_media":109535,"template":"","meta":[],"product_brand":[],"product_cat":[76],"product_tag":[8240],"class_list":{"0":"post-109532","1":"product","2":"type-product","3":"status-publish","4":"has-post-thumbnail","6":"product_cat-cargadores","7":"product_tag-cargador-de-telefono-movil-18w","9":"first","10":"instock","11":"shipping-taxable","12":"product-type-simple"},"jetpack_sharing_enabled":true,"_links":{"self":[{"href":"https:\/\/www.mobile-well.com\/es\/wp-json\/wp\/v2\/product\/109532","targetHints":{"allow":["GET"]}}],"collection":[{"href":"https:\/\/www.mobile-well.com\/es\/wp-json\/wp\/v2\/product"}],"about":[{"href":"https:\/\/www.mobile-well.com\/es\/wp-json\/wp\/v2\/types\/product"}],"wp:featuredmedia":[{"embeddable":true,"href":"https:\/\/www.mobile-well.com\/es\/wp-json\/wp\/v2\/media\/109535"}],"wp:attachment":[{"href":"https:\/\/www.mobile-well.com\/es\/wp-json\/wp\/v2\/media?parent=109532"}],"wp:term":[{"taxonomy":"product_brand","embeddable":true,"href":"https:\/\/www.mobile-well.com\/es\/wp-json\/wp\/v2\/product_brand?post=109532"},{"taxonomy":"product_cat","embeddable":true,"href":"https:\/\/www.mobile-well.com\/es\/wp-json\/wp\/v2\/product_cat?post=109532"},{"taxonomy":"product_tag","embeddable":true,"href":"https:\/\/www.mobile-well.com\/es\/wp-json\/wp\/v2\/product_tag?post=109532"}],"curies":[{"name":"wp","href":"https:\/\/api.w.org\/{rel}","templated":true}]}}