{"id":109576,"date":"2023-04-28T16:57:19","date_gmt":"2023-04-28T08:57:19","guid":{"rendered":"https:\/\/www.mobile-well.com\/?post_type=product&#038;p=109576"},"modified":"2023-08-10T16:10:15","modified_gmt":"2023-08-10T08:10:15","slug":"cargador-de-telefono-de-viaje-portatil-de-carga-rapida-con-dos-puertos-de-carga-de-alta-calidad","status":"publish","type":"product","link":"https:\/\/www.mobile-well.com\/es\/producto\/cargador-de-telefono-de-viaje-portatil-de-carga-rapida-con-dos-puertos-de-carga-de-alta-calidad\/","title":{"rendered":"Cargador de tel\u00e9fono de viaje port\u00e1til de carga r\u00e1pida con dos puertos de carga de alta calidad"},"content":{"rendered":"","protected":false},"excerpt":{"rendered":"<ul>\n<li>Voltaje de entrada:AC100- 240V<\/li>\n<li>Frecuencia:50\/ 60HZ<\/li>\n<li>Corriente:0.5A<\/li>\n<li>Salida (Puerto USB-C): 5V 2A<\/li>\n<li>Salida (Puerto USB-A) :QC3.0 5V3A 9V2A 12V1.5A<\/li>\n<li>Tasa de potencia: 18W<\/li>\n<li>Tipo de enchufe:EU\/US<\/li>\n<li>Color:Blanco<\/li>\n<li>N.W del producto:37.3G .<\/li>\n<li><\/li>\n<\/ul>\n","protected":false},"featured_media":109581,"template":"","meta":[],"product_brand":[],"product_cat":[76],"product_tag":[8239],"class_list":{"0":"post-109576","1":"product","2":"type-product","3":"status-publish","4":"has-post-thumbnail","6":"product_cat-cargadores","7":"product_tag-cargador-de-telefono","9":"first","10":"instock","11":"shipping-taxable","12":"product-type-simple"},"jetpack_sharing_enabled":true,"_links":{"self":[{"href":"https:\/\/www.mobile-well.com\/es\/wp-json\/wp\/v2\/product\/109576","targetHints":{"allow":["GET"]}}],"collection":[{"href":"https:\/\/www.mobile-well.com\/es\/wp-json\/wp\/v2\/product"}],"about":[{"href":"https:\/\/www.mobile-well.com\/es\/wp-json\/wp\/v2\/types\/product"}],"wp:featuredmedia":[{"embeddable":true,"href":"https:\/\/www.mobile-well.com\/es\/wp-json\/wp\/v2\/media\/109581"}],"wp:attachment":[{"href":"https:\/\/www.mobile-well.com\/es\/wp-json\/wp\/v2\/media?parent=109576"}],"wp:term":[{"taxonomy":"product_brand","embeddable":true,"href":"https:\/\/www.mobile-well.com\/es\/wp-json\/wp\/v2\/product_brand?post=109576"},{"taxonomy":"product_cat","embeddable":true,"href":"https:\/\/www.mobile-well.com\/es\/wp-json\/wp\/v2\/product_cat?post=109576"},{"taxonomy":"product_tag","embeddable":true,"href":"https:\/\/www.mobile-well.com\/es\/wp-json\/wp\/v2\/product_tag?post=109576"}],"curies":[{"name":"wp","href":"https:\/\/api.w.org\/{rel}","templated":true}]}}