{"id":109691,"date":"2023-05-12T17:22:57","date_gmt":"2023-05-12T09:22:57","guid":{"rendered":"https:\/\/www.mobile-well.com\/?post_type=product&#038;p=109691"},"modified":"2023-08-10T15:39:38","modified_gmt":"2023-08-10T07:39:38","slug":"alta-calidad-1-5mm-mate-inyeccion-pintado-tpu-funda-de-telefono-movil","status":"publish","type":"product","link":"https:\/\/www.mobile-well.com\/es\/producto\/alta-calidad-1-5mm-mate-inyeccion-pintado-tpu-funda-de-telefono-movil\/","title":{"rendered":"Alta Calidad 1.5MM Mate Inyecci\u00f3n Pintado TPU Funda de tel\u00e9fono m\u00f3vil"},"content":{"rendered":"","protected":false},"excerpt":{"rendered":"<ul>\n<li>N.\u00ba de producto P7240-A10<\/li>\n<li>Moldeado por inyecci\u00f3n:<\/li>\n<li>No Affix Velvet<\/li>\n<li>Terciopelo Affix<\/li>\n<li>MOQ:200Pcs\/Modelo,20Pcs\/color<\/li>\n<li>Pintura+ Barniz Com\u00fan Relievo:<\/li>\n<li>No Fijar Terciopelo<\/li>\n<li>Fijar Terciopelo<\/li>\n<li>Pintura+ Barniz Parcial Relievo:<\/li>\n<li>No Fijar Terciopelo<\/li>\n<li>Fijar Terciopelo<\/li>\n<li>MOQ:200Pcs\/Modelo,30Pcs\/color<\/li>\n<li>Material:TPU<\/li>\n<li>Artesan\u00eda:Moldeo por inyecci\u00f3n\/Pintura+ Barniz com\u00fan Relievo\/Pintura+ Barniz parcial Relievo<\/li>\n<li>N.W del producto:24.2 g<\/li>\n<li>Tama\u00f1o CTN: 60*45*33cm 500pcs\/ctn 12.1KG<\/li>\n<\/ul>\n","protected":false},"featured_media":109696,"template":"","meta":[],"product_brand":[],"product_cat":[77],"product_tag":[8096],"class_list":{"0":"post-109691","1":"product","2":"type-product","3":"status-publish","4":"has-post-thumbnail","6":"product_cat-fundas","7":"product_tag-funda-de-telefono-movil","9":"first","10":"instock","11":"shipping-taxable","12":"product-type-simple"},"jetpack_sharing_enabled":true,"_links":{"self":[{"href":"https:\/\/www.mobile-well.com\/es\/wp-json\/wp\/v2\/product\/109691","targetHints":{"allow":["GET"]}}],"collection":[{"href":"https:\/\/www.mobile-well.com\/es\/wp-json\/wp\/v2\/product"}],"about":[{"href":"https:\/\/www.mobile-well.com\/es\/wp-json\/wp\/v2\/types\/product"}],"wp:featuredmedia":[{"embeddable":true,"href":"https:\/\/www.mobile-well.com\/es\/wp-json\/wp\/v2\/media\/109696"}],"wp:attachment":[{"href":"https:\/\/www.mobile-well.com\/es\/wp-json\/wp\/v2\/media?parent=109691"}],"wp:term":[{"taxonomy":"product_brand","embeddable":true,"href":"https:\/\/www.mobile-well.com\/es\/wp-json\/wp\/v2\/product_brand?post=109691"},{"taxonomy":"product_cat","embeddable":true,"href":"https:\/\/www.mobile-well.com\/es\/wp-json\/wp\/v2\/product_cat?post=109691"},{"taxonomy":"product_tag","embeddable":true,"href":"https:\/\/www.mobile-well.com\/es\/wp-json\/wp\/v2\/product_tag?post=109691"}],"curies":[{"name":"wp","href":"https:\/\/api.w.org\/{rel}","templated":true}]}}