{"id":109726,"date":"2023-05-12T17:33:21","date_gmt":"2023-05-12T09:33:21","guid":{"rendered":"https:\/\/www.mobile-well.com\/?post_type=product&#038;p=109726"},"modified":"2023-08-10T15:35:48","modified_gmt":"2023-08-10T07:35:48","slug":"alta-calidad-2-0mm-tian-shi-yan-pintura-al-oleo-tpu-carcasa-del-telefono-movil","status":"publish","type":"product","link":"https:\/\/www.mobile-well.com\/es\/producto\/alta-calidad-2-0mm-tian-shi-yan-pintura-al-oleo-tpu-carcasa-del-telefono-movil\/","title":{"rendered":"Alta calidad 2.0MM Tian Shi Yan pintura al \u00f3leo TPU carcasa del tel\u00e9fono m\u00f3vil"},"content":{"rendered":"","protected":false},"excerpt":{"rendered":"<ul>\n<li>N.\u00ba de producto P7240-A12<\/li>\n<li>MOQ:200Pcs\/Modelo,50Pcs\/color<\/li>\n<li>Material:TPU<\/li>\n<li>Artesan\u00eda:Rociado de aceite+Pintura<\/li>\n<li>Producto N.W:33.2 g<\/li>\n<li>Tama\u00f1o CTN: 60*45*33cm 500pcs\/ctn 16.6KG<\/li>\n<\/ul>\n","protected":false},"featured_media":109729,"template":"","meta":[],"product_brand":[],"product_cat":[77],"product_tag":[8233],"class_list":{"0":"post-109726","1":"product","2":"type-product","3":"status-publish","4":"has-post-thumbnail","6":"product_cat-fundas","7":"product_tag-carcasa-del-telefono-movil","9":"first","10":"instock","11":"shipping-taxable","12":"product-type-simple"},"jetpack_sharing_enabled":true,"_links":{"self":[{"href":"https:\/\/www.mobile-well.com\/es\/wp-json\/wp\/v2\/product\/109726","targetHints":{"allow":["GET"]}}],"collection":[{"href":"https:\/\/www.mobile-well.com\/es\/wp-json\/wp\/v2\/product"}],"about":[{"href":"https:\/\/www.mobile-well.com\/es\/wp-json\/wp\/v2\/types\/product"}],"wp:featuredmedia":[{"embeddable":true,"href":"https:\/\/www.mobile-well.com\/es\/wp-json\/wp\/v2\/media\/109729"}],"wp:attachment":[{"href":"https:\/\/www.mobile-well.com\/es\/wp-json\/wp\/v2\/media?parent=109726"}],"wp:term":[{"taxonomy":"product_brand","embeddable":true,"href":"https:\/\/www.mobile-well.com\/es\/wp-json\/wp\/v2\/product_brand?post=109726"},{"taxonomy":"product_cat","embeddable":true,"href":"https:\/\/www.mobile-well.com\/es\/wp-json\/wp\/v2\/product_cat?post=109726"},{"taxonomy":"product_tag","embeddable":true,"href":"https:\/\/www.mobile-well.com\/es\/wp-json\/wp\/v2\/product_tag?post=109726"}],"curies":[{"name":"wp","href":"https:\/\/api.w.org\/{rel}","templated":true}]}}