{"id":109764,"date":"2023-05-12T17:39:14","date_gmt":"2023-05-12T09:39:14","guid":{"rendered":"https:\/\/www.mobile-well.com\/?post_type=product&#038;p=109764"},"modified":"2023-08-10T15:32:38","modified_gmt":"2023-08-10T07:32:38","slug":"venta-al-por-mayor-2-en-1-con-lente-pelicula-brillante-a-prueba-de-polvo-tpu-funda-de-telefono-movil","status":"publish","type":"product","link":"https:\/\/www.mobile-well.com\/es\/producto\/venta-al-por-mayor-2-en-1-con-lente-pelicula-brillante-a-prueba-de-polvo-tpu-funda-de-telefono-movil\/","title":{"rendered":"Venta al por mayor 2 en 1 con lente pel\u00edcula brillante a prueba de polvo TPU funda de tel\u00e9fono m\u00f3vil"},"content":{"rendered":"","protected":false},"excerpt":{"rendered":"<ul>\n<li>N.\u00ba de producto P7240-A08<\/li>\n<li>MOQ:100Pcs\/Modelo,20Pcs\/color<\/li>\n<li>Material:TPU<\/li>\n<li>Artesan\u00eda:Pel\u00edcula de lente+polvo brillante<\/li>\n<li>N.W del producto:37.8 g<\/li>\n<li>Tama\u00f1o CTN: 60*45*33cm 500pcs\/ctn 18.9KG<\/li>\n<\/ul>\n","protected":false},"featured_media":109767,"template":"","meta":[],"product_brand":[],"product_cat":[77],"product_tag":[8232],"class_list":{"0":"post-109764","1":"product","2":"type-product","3":"status-publish","4":"has-post-thumbnail","6":"product_cat-fundas","7":"product_tag-tpu-funda-de-telefono-movil","9":"first","10":"instock","11":"shipping-taxable","12":"product-type-simple"},"jetpack_sharing_enabled":true,"_links":{"self":[{"href":"https:\/\/www.mobile-well.com\/es\/wp-json\/wp\/v2\/product\/109764","targetHints":{"allow":["GET"]}}],"collection":[{"href":"https:\/\/www.mobile-well.com\/es\/wp-json\/wp\/v2\/product"}],"about":[{"href":"https:\/\/www.mobile-well.com\/es\/wp-json\/wp\/v2\/types\/product"}],"wp:featuredmedia":[{"embeddable":true,"href":"https:\/\/www.mobile-well.com\/es\/wp-json\/wp\/v2\/media\/109767"}],"wp:attachment":[{"href":"https:\/\/www.mobile-well.com\/es\/wp-json\/wp\/v2\/media?parent=109764"}],"wp:term":[{"taxonomy":"product_brand","embeddable":true,"href":"https:\/\/www.mobile-well.com\/es\/wp-json\/wp\/v2\/product_brand?post=109764"},{"taxonomy":"product_cat","embeddable":true,"href":"https:\/\/www.mobile-well.com\/es\/wp-json\/wp\/v2\/product_cat?post=109764"},{"taxonomy":"product_tag","embeddable":true,"href":"https:\/\/www.mobile-well.com\/es\/wp-json\/wp\/v2\/product_tag?post=109764"}],"curies":[{"name":"wp","href":"https:\/\/api.w.org\/{rel}","templated":true}]}}