{"id":109788,"date":"2023-05-12T17:59:34","date_gmt":"2023-05-12T09:59:34","guid":{"rendered":"https:\/\/www.mobile-well.com\/?post_type=product&#038;p=109788"},"modified":"2023-08-10T15:24:44","modified_gmt":"2023-08-10T07:24:44","slug":"cd-patron-de-moldeo-por-inyeccion-con-pelicula-de-lente-tpu-funda-de-telefono","status":"publish","type":"product","link":"https:\/\/www.mobile-well.com\/es\/producto\/cd-patron-de-moldeo-por-inyeccion-con-pelicula-de-lente-tpu-funda-de-telefono\/","title":{"rendered":"CD Patr\u00f3n de Moldeo por Inyecci\u00f3n con Pel\u00edcula de Lente TPU Funda de Tel\u00e9fono"},"content":{"rendered":"","protected":false},"excerpt":{"rendered":"<ul>\n<li>N.\u00ba de producto P7240-A15<\/li>\n<li>Precio unitario:<\/li>\n<li>Lente sin diamantes brillantes<\/li>\n<li>Lente con diamantes brillantes<\/li>\n<li>MOQ:<\/li>\n<li>Modelo para IPH:50Pzs\/Modelo\/color<\/li>\n<li>Otros modelos: 100 piezas\/modelo\/color<\/li>\n<li>Material:TPU<\/li>\n<li>Artesan\u00eda: moldeo por inyecci\u00f3n + lente de pel\u00edcula<\/li>\n<li>N.W del producto: 26.6g<\/li>\n<li>Tama\u00f1o CTN: 60*45*33cm 500pcs\/ctn 13.3KG<\/li>\n<\/ul>\n","protected":false},"featured_media":109809,"template":"","meta":[],"product_brand":[],"product_cat":[77],"product_tag":[7782],"class_list":{"0":"post-109788","1":"product","2":"type-product","3":"status-publish","4":"has-post-thumbnail","6":"product_cat-fundas","7":"product_tag-tpu-funda-de-telefono","9":"first","10":"instock","11":"shipping-taxable","12":"product-type-simple"},"jetpack_sharing_enabled":true,"_links":{"self":[{"href":"https:\/\/www.mobile-well.com\/es\/wp-json\/wp\/v2\/product\/109788","targetHints":{"allow":["GET"]}}],"collection":[{"href":"https:\/\/www.mobile-well.com\/es\/wp-json\/wp\/v2\/product"}],"about":[{"href":"https:\/\/www.mobile-well.com\/es\/wp-json\/wp\/v2\/types\/product"}],"wp:featuredmedia":[{"embeddable":true,"href":"https:\/\/www.mobile-well.com\/es\/wp-json\/wp\/v2\/media\/109809"}],"wp:attachment":[{"href":"https:\/\/www.mobile-well.com\/es\/wp-json\/wp\/v2\/media?parent=109788"}],"wp:term":[{"taxonomy":"product_brand","embeddable":true,"href":"https:\/\/www.mobile-well.com\/es\/wp-json\/wp\/v2\/product_brand?post=109788"},{"taxonomy":"product_cat","embeddable":true,"href":"https:\/\/www.mobile-well.com\/es\/wp-json\/wp\/v2\/product_cat?post=109788"},{"taxonomy":"product_tag","embeddable":true,"href":"https:\/\/www.mobile-well.com\/es\/wp-json\/wp\/v2\/product_tag?post=109788"}],"curies":[{"name":"wp","href":"https:\/\/api.w.org\/{rel}","templated":true}]}}