{"id":109840,"date":"2023-05-15T15:16:24","date_gmt":"2023-05-15T07:16:24","guid":{"rendered":"https:\/\/www.mobile-well.com\/?post_type=product&#038;p=109840"},"modified":"2023-08-10T11:40:06","modified_gmt":"2023-08-10T03:40:06","slug":"2-en-1-caso-del-telefono-movil-de-resina-epoxi-tridimensional-decoracion-de-flores-tpu-pc-impermeable-caso-del-telefono-movil","status":"publish","type":"product","link":"https:\/\/www.mobile-well.com\/es\/producto\/2-en-1-caso-del-telefono-movil-de-resina-epoxi-tridimensional-decoracion-de-flores-tpu-pc-impermeable-caso-del-telefono-movil\/","title":{"rendered":"2-en-1 caso del tel\u00e9fono m\u00f3vil de resina epoxi tridimensional decoraci\u00f3n de flores TPU + PC impermeable caso del tel\u00e9fono m\u00f3vil"},"content":{"rendered":"","protected":false},"excerpt":{"rendered":"<ul>\n<li>N.\u00ba de producto P7240-A07<\/li>\n<li>MOQ:200Pcs\/Modelo,50Pcs\/color<\/li>\n<li>Material:TPU+PC<\/li>\n<li>Artesan\u00eda:Epoxy+Decoraci\u00f3n Tridimensional Bouquet<\/li>\n<li>Producto N.W:47.3 g<\/li>\n<li>Tama\u00f1o CTN: 60*45*33cm 500pcs\/ctn 23.65KG<\/li>\n<\/ul>\n","protected":false},"featured_media":109843,"template":"","meta":[],"product_brand":[],"product_cat":[77],"product_tag":[8227],"class_list":{"0":"post-109840","1":"product","2":"type-product","3":"status-publish","4":"has-post-thumbnail","6":"product_cat-fundas","7":"product_tag-impermeable-caso-del-telefono-movil","9":"first","10":"instock","11":"shipping-taxable","12":"product-type-simple"},"jetpack_sharing_enabled":true,"_links":{"self":[{"href":"https:\/\/www.mobile-well.com\/es\/wp-json\/wp\/v2\/product\/109840","targetHints":{"allow":["GET"]}}],"collection":[{"href":"https:\/\/www.mobile-well.com\/es\/wp-json\/wp\/v2\/product"}],"about":[{"href":"https:\/\/www.mobile-well.com\/es\/wp-json\/wp\/v2\/types\/product"}],"wp:featuredmedia":[{"embeddable":true,"href":"https:\/\/www.mobile-well.com\/es\/wp-json\/wp\/v2\/media\/109843"}],"wp:attachment":[{"href":"https:\/\/www.mobile-well.com\/es\/wp-json\/wp\/v2\/media?parent=109840"}],"wp:term":[{"taxonomy":"product_brand","embeddable":true,"href":"https:\/\/www.mobile-well.com\/es\/wp-json\/wp\/v2\/product_brand?post=109840"},{"taxonomy":"product_cat","embeddable":true,"href":"https:\/\/www.mobile-well.com\/es\/wp-json\/wp\/v2\/product_cat?post=109840"},{"taxonomy":"product_tag","embeddable":true,"href":"https:\/\/www.mobile-well.com\/es\/wp-json\/wp\/v2\/product_tag?post=109840"}],"curies":[{"name":"wp","href":"https:\/\/api.w.org\/{rel}","templated":true}]}}