{"id":109863,"date":"2023-05-15T15:21:17","date_gmt":"2023-05-15T07:21:17","guid":{"rendered":"https:\/\/www.mobile-well.com\/?post_type=product&#038;p=109863"},"modified":"2023-08-10T11:34:31","modified_gmt":"2023-08-10T03:34:31","slug":"huyan-2-en-1-de-moldeo-por-inyeccion-con-pelicula-de-la-lente-tpu-carcasa-del-telefono-movil","status":"publish","type":"product","link":"https:\/\/www.mobile-well.com\/es\/producto\/huyan-2-en-1-de-moldeo-por-inyeccion-con-pelicula-de-la-lente-tpu-carcasa-del-telefono-movil\/","title":{"rendered":"Huyan 2-en-1 de moldeo por inyecci\u00f3n con pel\u00edcula de la lente TPU carcasa del tel\u00e9fono m\u00f3vil"},"content":{"rendered":"","protected":false},"excerpt":{"rendered":"<ul>\n<li>N.\u00ba de producto P7240-A09<\/li>\n<li>MOQ:20Pcs\/Modelo\/color<\/li>\n<li>Material:TPU<\/li>\n<li>Artesan\u00eda: moldeo por inyecci\u00f3n + lente de pel\u00edcula<\/li>\n<li>N.W del producto: 22.8g<\/li>\n<li>Tama\u00f1o CTN: 60*45*33cm 500pcs\/ctn 11.4KG<\/li>\n<\/ul>\n","protected":false},"featured_media":109878,"template":"","meta":[],"product_brand":[],"product_cat":[77],"product_tag":[8226],"class_list":{"0":"post-109863","1":"product","2":"type-product","3":"status-publish","4":"has-post-thumbnail","6":"product_cat-fundas","7":"product_tag-tpu-carcasa-del-telefono-movil","9":"first","10":"instock","11":"shipping-taxable","12":"product-type-simple"},"jetpack_sharing_enabled":true,"_links":{"self":[{"href":"https:\/\/www.mobile-well.com\/es\/wp-json\/wp\/v2\/product\/109863","targetHints":{"allow":["GET"]}}],"collection":[{"href":"https:\/\/www.mobile-well.com\/es\/wp-json\/wp\/v2\/product"}],"about":[{"href":"https:\/\/www.mobile-well.com\/es\/wp-json\/wp\/v2\/types\/product"}],"wp:featuredmedia":[{"embeddable":true,"href":"https:\/\/www.mobile-well.com\/es\/wp-json\/wp\/v2\/media\/109878"}],"wp:attachment":[{"href":"https:\/\/www.mobile-well.com\/es\/wp-json\/wp\/v2\/media?parent=109863"}],"wp:term":[{"taxonomy":"product_brand","embeddable":true,"href":"https:\/\/www.mobile-well.com\/es\/wp-json\/wp\/v2\/product_brand?post=109863"},{"taxonomy":"product_cat","embeddable":true,"href":"https:\/\/www.mobile-well.com\/es\/wp-json\/wp\/v2\/product_cat?post=109863"},{"taxonomy":"product_tag","embeddable":true,"href":"https:\/\/www.mobile-well.com\/es\/wp-json\/wp\/v2\/product_tag?post=109863"}],"curies":[{"name":"wp","href":"https:\/\/api.w.org\/{rel}","templated":true}]}}