{"id":109940,"date":"2023-05-15T15:40:02","date_gmt":"2023-05-15T07:40:02","guid":{"rendered":"https:\/\/www.mobile-well.com\/?post_type=product&#038;p=109940"},"modified":"2023-08-09T17:07:01","modified_gmt":"2023-08-09T09:07:01","slug":"cd-patron-de-precision-agujero-galvanoplastia-con-lente-pelicula-tpu-telefono-caso","status":"publish","type":"product","link":"https:\/\/www.mobile-well.com\/es\/producto\/cd-patron-de-precision-agujero-galvanoplastia-con-lente-pelicula-tpu-telefono-caso\/","title":{"rendered":"CD Orificio de precisi\u00f3n chapado con pel\u00edcula de lente TPU Funda de m\u00f3vil ecol\u00f3gica"},"content":{"rendered":"","protected":false},"excerpt":{"rendered":"<ul>\n<li>N.\u00ba de producto P7240-A13<\/li>\n<li>MOQ:200Pcs\/Modelo,50Pcs\/color<\/li>\n<li>Material:TPU<\/li>\n<li>Artesan\u00eda: galvanoplastia + lente de pel\u00edcula<\/li>\n<li>N.W del producto: 32.8g<\/li>\n<li>Tama\u00f1o CTN: 60*45*33cm 500pcs\/ctn 16.4KG<\/li>\n<\/ul>\n","protected":false},"featured_media":109943,"template":"","meta":[],"product_brand":[],"product_cat":[77],"product_tag":[8221],"class_list":{"0":"post-109940","1":"product","2":"type-product","3":"status-publish","4":"has-post-thumbnail","6":"product_cat-fundas","7":"product_tag-funda-de-movil-ecologica","9":"first","10":"instock","11":"shipping-taxable","12":"product-type-simple"},"jetpack_sharing_enabled":true,"_links":{"self":[{"href":"https:\/\/www.mobile-well.com\/es\/wp-json\/wp\/v2\/product\/109940","targetHints":{"allow":["GET"]}}],"collection":[{"href":"https:\/\/www.mobile-well.com\/es\/wp-json\/wp\/v2\/product"}],"about":[{"href":"https:\/\/www.mobile-well.com\/es\/wp-json\/wp\/v2\/types\/product"}],"wp:featuredmedia":[{"embeddable":true,"href":"https:\/\/www.mobile-well.com\/es\/wp-json\/wp\/v2\/media\/109943"}],"wp:attachment":[{"href":"https:\/\/www.mobile-well.com\/es\/wp-json\/wp\/v2\/media?parent=109940"}],"wp:term":[{"taxonomy":"product_brand","embeddable":true,"href":"https:\/\/www.mobile-well.com\/es\/wp-json\/wp\/v2\/product_brand?post=109940"},{"taxonomy":"product_cat","embeddable":true,"href":"https:\/\/www.mobile-well.com\/es\/wp-json\/wp\/v2\/product_cat?post=109940"},{"taxonomy":"product_tag","embeddable":true,"href":"https:\/\/www.mobile-well.com\/es\/wp-json\/wp\/v2\/product_tag?post=109940"}],"curies":[{"name":"wp","href":"https:\/\/api.w.org\/{rel}","templated":true}]}}