{"id":109987,"date":"2023-05-15T16:11:04","date_gmt":"2023-05-15T08:11:04","guid":{"rendered":"https:\/\/www.mobile-well.com\/?post_type=product&#038;p=109987"},"modified":"2023-08-09T16:54:04","modified_gmt":"2023-08-09T08:54:04","slug":"2-5mm-agujero-de-precision-imitacion-de-la-pintura-al-oleo-original-funda-de-tpu-para-el-telefono","status":"publish","type":"product","link":"https:\/\/www.mobile-well.com\/es\/producto\/2-5mm-agujero-de-precision-imitacion-de-la-pintura-al-oleo-original-funda-de-tpu-para-el-telefono\/","title":{"rendered":"2.5MM Agujero de Precisi\u00f3n Imitaci\u00f3n de la Pintura al \u00d3leo Original Funda de TPU para el Tel\u00e9fono"},"content":{"rendered":"","protected":false},"excerpt":{"rendered":"<ul>\n<li>N.\u00ba de producto P7240-A14<\/li>\n<li>MOQ:200Pcs\/Modelo,50Pcs\/color<\/li>\n<li>Material:TPU<\/li>\n<li>Artesan\u00eda: aceite de pulverizaci\u00f3n + pintura<\/li>\n<li>N.W del producto: 39g<\/li>\n<li>Tama\u00f1o CTN: 60*45*33cm 500pcs\/ctn 19.5KG<\/li>\n<\/ul>\n","protected":false},"featured_media":110004,"template":"","meta":[],"product_brand":[],"product_cat":[77],"product_tag":[8219],"class_list":{"0":"post-109987","1":"product","2":"type-product","3":"status-publish","4":"has-post-thumbnail","6":"product_cat-fundas","7":"product_tag-tpu-para-el-telefono","9":"first","10":"instock","11":"shipping-taxable","12":"product-type-simple"},"jetpack_sharing_enabled":true,"_links":{"self":[{"href":"https:\/\/www.mobile-well.com\/es\/wp-json\/wp\/v2\/product\/109987","targetHints":{"allow":["GET"]}}],"collection":[{"href":"https:\/\/www.mobile-well.com\/es\/wp-json\/wp\/v2\/product"}],"about":[{"href":"https:\/\/www.mobile-well.com\/es\/wp-json\/wp\/v2\/types\/product"}],"wp:featuredmedia":[{"embeddable":true,"href":"https:\/\/www.mobile-well.com\/es\/wp-json\/wp\/v2\/media\/110004"}],"wp:attachment":[{"href":"https:\/\/www.mobile-well.com\/es\/wp-json\/wp\/v2\/media?parent=109987"}],"wp:term":[{"taxonomy":"product_brand","embeddable":true,"href":"https:\/\/www.mobile-well.com\/es\/wp-json\/wp\/v2\/product_brand?post=109987"},{"taxonomy":"product_cat","embeddable":true,"href":"https:\/\/www.mobile-well.com\/es\/wp-json\/wp\/v2\/product_cat?post=109987"},{"taxonomy":"product_tag","embeddable":true,"href":"https:\/\/www.mobile-well.com\/es\/wp-json\/wp\/v2\/product_tag?post=109987"}],"curies":[{"name":"wp","href":"https:\/\/api.w.org\/{rel}","templated":true}]}}