{"id":110509,"date":"2023-06-05T14:40:44","date_gmt":"2023-06-05T06:40:44","guid":{"rendered":"https:\/\/www.mobile-well.com\/?post_type=product&#038;p=110509"},"modified":"2023-08-11T15:35:32","modified_gmt":"2023-08-11T07:35:32","slug":"china-fabrica-al-por-mayor-multifuncion-led-portatil-karaoke-fiesta-dj-parlantes","status":"publish","type":"product","link":"https:\/\/www.mobile-well.com\/es\/producto\/china-fabrica-al-por-mayor-multifuncion-led-portatil-karaoke-fiesta-dj-parlantes\/","title":{"rendered":"China f\u00e1brica al por mayor multifunci\u00f3n LED port\u00e1til karaoke fiesta DJ parlantes"},"content":{"rendered":"","protected":false},"excerpt":{"rendered":"<ul>\n<li>Salida: 3\u03a9 10W*1<\/li>\n<li>Frecuencia: 100HZ&#8212;20KHZ<\/li>\n<li>Especificaciones del altavoz: 8 pulgadas x1<\/li>\n<li>SNR: \u226585db<\/li>\n<li>Fuente de alimentaci\u00f3n: DC 5V<\/li>\n<li>Bater\u00eda: 3.7V 1200mAh<\/li>\n<li>Funci\u00f3n:BT\/USB\/FM \/AUX\/Un mando \/Karaoke\/Luz LED\/TWS<\/li>\n<\/ul>\n","protected":false},"featured_media":110513,"template":"","meta":[],"product_brand":[],"product_cat":[310],"product_tag":[8251],"class_list":{"0":"post-110509","1":"product","2":"type-product","3":"status-publish","4":"has-post-thumbnail","6":"product_cat-parlantes","7":"product_tag-fiesta-dj-parlantes","9":"first","10":"instock","11":"shipping-taxable","12":"product-type-simple"},"jetpack_sharing_enabled":true,"_links":{"self":[{"href":"https:\/\/www.mobile-well.com\/es\/wp-json\/wp\/v2\/product\/110509","targetHints":{"allow":["GET"]}}],"collection":[{"href":"https:\/\/www.mobile-well.com\/es\/wp-json\/wp\/v2\/product"}],"about":[{"href":"https:\/\/www.mobile-well.com\/es\/wp-json\/wp\/v2\/types\/product"}],"wp:featuredmedia":[{"embeddable":true,"href":"https:\/\/www.mobile-well.com\/es\/wp-json\/wp\/v2\/media\/110513"}],"wp:attachment":[{"href":"https:\/\/www.mobile-well.com\/es\/wp-json\/wp\/v2\/media?parent=110509"}],"wp:term":[{"taxonomy":"product_brand","embeddable":true,"href":"https:\/\/www.mobile-well.com\/es\/wp-json\/wp\/v2\/product_brand?post=110509"},{"taxonomy":"product_cat","embeddable":true,"href":"https:\/\/www.mobile-well.com\/es\/wp-json\/wp\/v2\/product_cat?post=110509"},{"taxonomy":"product_tag","embeddable":true,"href":"https:\/\/www.mobile-well.com\/es\/wp-json\/wp\/v2\/product_tag?post=110509"}],"curies":[{"name":"wp","href":"https:\/\/api.w.org\/{rel}","templated":true}]}}