{"id":110564,"date":"2023-06-05T14:55:20","date_gmt":"2023-06-05T06:55:20","guid":{"rendered":"https:\/\/www.mobile-well.com\/?post_type=product&#038;p=110564"},"modified":"2023-08-11T15:25:33","modified_gmt":"2023-08-11T07:25:33","slug":"m47-tws-auriculares-inalambricos-bluetooth-caracteristicas-de-audio-auriculares-estereo-intrauditivos","status":"publish","type":"product","link":"https:\/\/www.mobile-well.com\/es\/producto\/m47-tws-auriculares-inalambricos-bluetooth-caracteristicas-de-audio-auriculares-estereo-intrauditivos\/","title":{"rendered":"M47 TWS Auriculares inal\u00e1mbricos Bluetooth Caracter\u00edsticas de audio Auriculares est\u00e9reo intrauditivos"},"content":{"rendered":"","protected":false},"excerpt":{"rendered":"<ul>\n<li>Nombre: M47<\/li>\n<li>auriculares 50 compartimento para auriculares 1200<\/li>\n<\/ul>\n","protected":false},"featured_media":110569,"template":"","meta":[],"product_brand":[],"product_cat":[3017],"product_tag":[8259],"class_list":{"0":"post-110564","1":"product","2":"type-product","3":"status-publish","4":"has-post-thumbnail","6":"product_cat-auriculares","7":"product_tag-auriculares-estereo-intrauditivos","9":"first","10":"instock","11":"shipping-taxable","12":"product-type-simple"},"jetpack_sharing_enabled":true,"_links":{"self":[{"href":"https:\/\/www.mobile-well.com\/es\/wp-json\/wp\/v2\/product\/110564","targetHints":{"allow":["GET"]}}],"collection":[{"href":"https:\/\/www.mobile-well.com\/es\/wp-json\/wp\/v2\/product"}],"about":[{"href":"https:\/\/www.mobile-well.com\/es\/wp-json\/wp\/v2\/types\/product"}],"wp:featuredmedia":[{"embeddable":true,"href":"https:\/\/www.mobile-well.com\/es\/wp-json\/wp\/v2\/media\/110569"}],"wp:attachment":[{"href":"https:\/\/www.mobile-well.com\/es\/wp-json\/wp\/v2\/media?parent=110564"}],"wp:term":[{"taxonomy":"product_brand","embeddable":true,"href":"https:\/\/www.mobile-well.com\/es\/wp-json\/wp\/v2\/product_brand?post=110564"},{"taxonomy":"product_cat","embeddable":true,"href":"https:\/\/www.mobile-well.com\/es\/wp-json\/wp\/v2\/product_cat?post=110564"},{"taxonomy":"product_tag","embeddable":true,"href":"https:\/\/www.mobile-well.com\/es\/wp-json\/wp\/v2\/product_tag?post=110564"}],"curies":[{"name":"wp","href":"https:\/\/api.w.org\/{rel}","templated":true}]}}