{"id":110587,"date":"2023-06-05T15:11:14","date_gmt":"2023-06-05T07:11:14","guid":{"rendered":"https:\/\/www.mobile-well.com\/?post_type=product&#038;p=110587"},"modified":"2023-06-05T15:11:15","modified_gmt":"2023-06-05T07:11:15","slug":"auriculares-inalambricos-estereo-de-alta-fidelidadauriculares-bluetooth-con-cancelacion-de-ruido","status":"publish","type":"product","link":"https:\/\/www.mobile-well.com\/es\/producto\/auriculares-inalambricos-estereo-de-alta-fidelidadauriculares-bluetooth-con-cancelacion-de-ruido\/","title":{"rendered":"Auriculares inal\u00e1mbricos est\u00e9reo de alta fidelidadAuriculares Bluetooth con cancelaci\u00f3n de ruido"},"content":{"rendered":"","protected":false},"excerpt":{"rendered":"<ul>\n<li>Programa: Jerry 6983D<\/li>\n<li>Bater\u00eda del auricular: 25 mAh<\/li>\n<li>Bater\u00eda de la papelera: 200 mAh<\/li>\n<\/ul>\n","protected":false},"featured_media":110608,"template":"","meta":[],"product_brand":[],"product_cat":[3017],"product_tag":[8017],"class_list":{"0":"post-110587","1":"product","2":"type-product","3":"status-publish","4":"has-post-thumbnail","6":"product_cat-auriculares","7":"product_tag-auriculares-bluetooth-estereo-inalambricos","9":"first","10":"instock","11":"shipping-taxable","12":"product-type-simple"},"jetpack_sharing_enabled":true,"_links":{"self":[{"href":"https:\/\/www.mobile-well.com\/es\/wp-json\/wp\/v2\/product\/110587","targetHints":{"allow":["GET"]}}],"collection":[{"href":"https:\/\/www.mobile-well.com\/es\/wp-json\/wp\/v2\/product"}],"about":[{"href":"https:\/\/www.mobile-well.com\/es\/wp-json\/wp\/v2\/types\/product"}],"wp:featuredmedia":[{"embeddable":true,"href":"https:\/\/www.mobile-well.com\/es\/wp-json\/wp\/v2\/media\/110608"}],"wp:attachment":[{"href":"https:\/\/www.mobile-well.com\/es\/wp-json\/wp\/v2\/media?parent=110587"}],"wp:term":[{"taxonomy":"product_brand","embeddable":true,"href":"https:\/\/www.mobile-well.com\/es\/wp-json\/wp\/v2\/product_brand?post=110587"},{"taxonomy":"product_cat","embeddable":true,"href":"https:\/\/www.mobile-well.com\/es\/wp-json\/wp\/v2\/product_cat?post=110587"},{"taxonomy":"product_tag","embeddable":true,"href":"https:\/\/www.mobile-well.com\/es\/wp-json\/wp\/v2\/product_tag?post=110587"}],"curies":[{"name":"wp","href":"https:\/\/api.w.org\/{rel}","templated":true}]}}