{"id":110612,"date":"2023-06-05T15:16:41","date_gmt":"2023-06-05T07:16:41","guid":{"rendered":"https:\/\/www.mobile-well.com\/?post_type=product&#038;p=110612"},"modified":"2023-08-11T11:38:11","modified_gmt":"2023-08-11T03:38:11","slug":"cargadores-inalambricos-plegable-3-en-1-de-20-w","status":"publish","type":"product","link":"https:\/\/www.mobile-well.com\/es\/producto\/cargadores-inalambricos-plegable-3-en-1-de-20-w\/","title":{"rendered":"Cargadores Inal\u00e1mbricos plegable 3 en 1 de 20 W"},"content":{"rendered":"","protected":false},"excerpt":{"rendered":"<ul>\n<li>Potencia: 20W (15W+5W+3W)<\/li>\n<li>Entrada: 9V-3A<\/li>\n<li>Salida: 9V-1.66A\/5V-2A<\/li>\n<li>Entrada: TYPE-C<\/li>\n<li>Material del producto: Pl\u00e1stico ABS<\/li>\n<li>Color: Negro, Blanco<\/li>\n<li>Punto de venta del producto: tres en uno, soporte magn\u00e9tico carga inal\u00e1mbrica de tel\u00e9fono 15W + carga inal\u00e1mbrica de auriculares Bluetooth 5W + carga inal\u00e1mbrica de reloj 3W, se puede poner plano + se puede plegar + se puede poner vertical.<\/li>\n<\/ul>\n","protected":false},"featured_media":110615,"template":"","meta":[],"product_brand":[],"product_cat":[541],"product_tag":[8257],"class_list":{"0":"post-110612","1":"product","2":"type-product","3":"status-publish","4":"has-post-thumbnail","6":"product_cat-cargadores-inalambricos","7":"product_tag-cargadores-inalambricos","9":"first","10":"instock","11":"shipping-taxable","12":"product-type-simple"},"jetpack_sharing_enabled":true,"_links":{"self":[{"href":"https:\/\/www.mobile-well.com\/es\/wp-json\/wp\/v2\/product\/110612","targetHints":{"allow":["GET"]}}],"collection":[{"href":"https:\/\/www.mobile-well.com\/es\/wp-json\/wp\/v2\/product"}],"about":[{"href":"https:\/\/www.mobile-well.com\/es\/wp-json\/wp\/v2\/types\/product"}],"wp:featuredmedia":[{"embeddable":true,"href":"https:\/\/www.mobile-well.com\/es\/wp-json\/wp\/v2\/media\/110615"}],"wp:attachment":[{"href":"https:\/\/www.mobile-well.com\/es\/wp-json\/wp\/v2\/media?parent=110612"}],"wp:term":[{"taxonomy":"product_brand","embeddable":true,"href":"https:\/\/www.mobile-well.com\/es\/wp-json\/wp\/v2\/product_brand?post=110612"},{"taxonomy":"product_cat","embeddable":true,"href":"https:\/\/www.mobile-well.com\/es\/wp-json\/wp\/v2\/product_cat?post=110612"},{"taxonomy":"product_tag","embeddable":true,"href":"https:\/\/www.mobile-well.com\/es\/wp-json\/wp\/v2\/product_tag?post=110612"}],"curies":[{"name":"wp","href":"https:\/\/api.w.org\/{rel}","templated":true}]}}