{"id":110742,"date":"2023-06-09T17:39:06","date_gmt":"2023-06-09T09:39:06","guid":{"rendered":"https:\/\/www.mobile-well.com\/?post_type=product&#038;p=110742"},"modified":"2023-08-04T14:52:23","modified_gmt":"2023-08-04T06:52:23","slug":"360-hawkeye-2-en-1-funda-de-telefono-con-succion-magnetica-de-tpupc-moldeado-por-inyeccion","status":"publish","type":"product","link":"https:\/\/www.mobile-well.com\/es\/producto\/360-hawkeye-2-en-1-funda-de-telefono-con-succion-magnetica-de-tpupc-moldeado-por-inyeccion\/","title":{"rendered":"360 Hawkeye 2 en 1 Funda de tel\u00e9fono con succi\u00f3n magn\u00e9tica de TPU+PC moldeado por inyecci\u00f3n"},"content":{"rendered":"","protected":false},"excerpt":{"rendered":"<ul>\n<li>N.\u00ba de producto P1060-A13<\/li>\n<li>MOQ:200Pcs\/Modelo,50Pcs\/color<\/li>\n<li>Material:TPU+PC<\/li>\n<li>Artesan\u00eda:Moldeo por inyecci\u00f3n<\/li>\n<li>N.W. del producto: 40g<\/li>\n<li>Tama\u00f1o CTN: 60*45*33cm, 500pcs\/ctn, 20 KG<\/li>\n<\/ul>\n","protected":false},"featured_media":110745,"template":"","meta":[],"product_brand":[],"product_cat":[77],"product_tag":[8024],"class_list":{"0":"post-110742","1":"product","2":"type-product","3":"status-publish","4":"has-post-thumbnail","6":"product_cat-fundas","7":"product_tag-360-hawkeye-2-en-1-funda-de-telefono","9":"first","10":"instock","11":"shipping-taxable","12":"product-type-simple"},"jetpack_sharing_enabled":true,"_links":{"self":[{"href":"https:\/\/www.mobile-well.com\/es\/wp-json\/wp\/v2\/product\/110742","targetHints":{"allow":["GET"]}}],"collection":[{"href":"https:\/\/www.mobile-well.com\/es\/wp-json\/wp\/v2\/product"}],"about":[{"href":"https:\/\/www.mobile-well.com\/es\/wp-json\/wp\/v2\/types\/product"}],"wp:featuredmedia":[{"embeddable":true,"href":"https:\/\/www.mobile-well.com\/es\/wp-json\/wp\/v2\/media\/110745"}],"wp:attachment":[{"href":"https:\/\/www.mobile-well.com\/es\/wp-json\/wp\/v2\/media?parent=110742"}],"wp:term":[{"taxonomy":"product_brand","embeddable":true,"href":"https:\/\/www.mobile-well.com\/es\/wp-json\/wp\/v2\/product_brand?post=110742"},{"taxonomy":"product_cat","embeddable":true,"href":"https:\/\/www.mobile-well.com\/es\/wp-json\/wp\/v2\/product_cat?post=110742"},{"taxonomy":"product_tag","embeddable":true,"href":"https:\/\/www.mobile-well.com\/es\/wp-json\/wp\/v2\/product_tag?post=110742"}],"curies":[{"name":"wp","href":"https:\/\/api.w.org\/{rel}","templated":true}]}}