{"id":111027,"date":"2023-06-14T16:27:45","date_gmt":"2023-06-14T08:27:45","guid":{"rendered":"https:\/\/www.mobile-well.com\/?post_type=product&#038;p=111027"},"modified":"2023-08-11T10:54:52","modified_gmt":"2023-08-11T02:54:52","slug":"popular-2-en-1-tpu-impermeable-funda-de-telefono-con-marco-de-la-camara-de-plastico-fundas-de-celulares","status":"publish","type":"product","link":"https:\/\/www.mobile-well.com\/es\/producto\/popular-2-en-1-tpu-impermeable-funda-de-telefono-con-marco-de-la-camara-de-plastico-fundas-de-celulares\/","title":{"rendered":"Popular 2 en 1 TPU impermeable funda de tel\u00e9fono con marco de la c\u00e1mara de pl\u00e1stico fundas de celulares"},"content":{"rendered":"","protected":false},"excerpt":{"rendered":"<ul>\n<li>N.\u00ba de producto P1060-A02<\/li>\n<li>MOQ:200Pcs\/Modelo,30Pcs\/color<\/li>\n<li>Material:TPU<\/li>\n<li>Artesan\u00eda:Epoxy<\/li>\n<li>N.W. del producto: 59.5g<\/li>\n<li>Tama\u00f1o CTN: 60*45*33cm, 500pcs\/ctn, 29.75 KG<\/li>\n<\/ul>\n","protected":false},"featured_media":111028,"template":"","meta":[],"product_brand":[],"product_cat":[77],"product_tag":[6801],"class_list":{"0":"post-111027","1":"product","2":"type-product","3":"status-publish","4":"has-post-thumbnail","6":"product_cat-fundas","7":"product_tag-fundas-de-celulares","9":"first","10":"instock","11":"shipping-taxable","12":"product-type-simple"},"jetpack_sharing_enabled":true,"_links":{"self":[{"href":"https:\/\/www.mobile-well.com\/es\/wp-json\/wp\/v2\/product\/111027","targetHints":{"allow":["GET"]}}],"collection":[{"href":"https:\/\/www.mobile-well.com\/es\/wp-json\/wp\/v2\/product"}],"about":[{"href":"https:\/\/www.mobile-well.com\/es\/wp-json\/wp\/v2\/types\/product"}],"wp:featuredmedia":[{"embeddable":true,"href":"https:\/\/www.mobile-well.com\/es\/wp-json\/wp\/v2\/media\/111028"}],"wp:attachment":[{"href":"https:\/\/www.mobile-well.com\/es\/wp-json\/wp\/v2\/media?parent=111027"}],"wp:term":[{"taxonomy":"product_brand","embeddable":true,"href":"https:\/\/www.mobile-well.com\/es\/wp-json\/wp\/v2\/product_brand?post=111027"},{"taxonomy":"product_cat","embeddable":true,"href":"https:\/\/www.mobile-well.com\/es\/wp-json\/wp\/v2\/product_cat?post=111027"},{"taxonomy":"product_tag","embeddable":true,"href":"https:\/\/www.mobile-well.com\/es\/wp-json\/wp\/v2\/product_tag?post=111027"}],"curies":[{"name":"wp","href":"https:\/\/api.w.org\/{rel}","templated":true}]}}