{"id":111118,"date":"2023-06-19T16:55:58","date_gmt":"2023-06-19T08:55:58","guid":{"rendered":"https:\/\/www.mobile-well.com\/?post_type=product&#038;p=111118"},"modified":"2023-08-11T10:41:23","modified_gmt":"2023-08-11T02:41:23","slug":"airbag-anti-caida-burbuja-tpu-pc-2-en-1-inyeccion-de-aceite-funda-de-telefono","status":"publish","type":"product","link":"https:\/\/www.mobile-well.com\/es\/producto\/airbag-anti-caida-burbuja-tpu-pc-2-en-1-inyeccion-de-aceite-funda-de-telefono\/","title":{"rendered":"Airbag anti-ca\u00edda burbuja TPU PC 2 en 1 inyecci\u00f3n de aceite Funda de tel\u00e9fono"},"content":{"rendered":"","protected":false},"excerpt":{"rendered":"<ul>\n<li>N.\u00ba de producto P1060-A03<\/li>\n<li>Marco de c\u00e1mara normal<\/li>\n<li>Marco de c\u00e1mara galvanizado<\/li>\n<li>Marco de c\u00e1mara galv\u00e1nico de embalaje neutro<\/li>\n<li>Marco de c\u00e1mara chapado personalizado<\/li>\n<li>MOQ:200Pcs\/Modelo,50Pcs\/color<\/li>\n<li>Material:TPU+PC<\/li>\n<li>Artesan\u00eda:Inyecci\u00f3n de aceite<\/li>\n<li>N.W. del producto: 35.5g<\/li>\n<li>Producto G.W.: 48.8g<\/li>\n<li>Tama\u00f1o CTN: 60*45*33cm, 500pcs\/ctn, 24.4 KG<\/li>\n<\/ul>\n","protected":false},"featured_media":111119,"template":"","meta":[],"product_brand":[],"product_cat":[77],"product_tag":[8256],"class_list":{"0":"post-111118","1":"product","2":"type-product","3":"status-publish","4":"has-post-thumbnail","6":"product_cat-fundas","7":"product_tag-2-en-1-inyeccion-de-aceite-funda-de-telefono","9":"first","10":"instock","11":"shipping-taxable","12":"product-type-simple"},"jetpack_sharing_enabled":true,"_links":{"self":[{"href":"https:\/\/www.mobile-well.com\/es\/wp-json\/wp\/v2\/product\/111118","targetHints":{"allow":["GET"]}}],"collection":[{"href":"https:\/\/www.mobile-well.com\/es\/wp-json\/wp\/v2\/product"}],"about":[{"href":"https:\/\/www.mobile-well.com\/es\/wp-json\/wp\/v2\/types\/product"}],"wp:featuredmedia":[{"embeddable":true,"href":"https:\/\/www.mobile-well.com\/es\/wp-json\/wp\/v2\/media\/111119"}],"wp:attachment":[{"href":"https:\/\/www.mobile-well.com\/es\/wp-json\/wp\/v2\/media?parent=111118"}],"wp:term":[{"taxonomy":"product_brand","embeddable":true,"href":"https:\/\/www.mobile-well.com\/es\/wp-json\/wp\/v2\/product_brand?post=111118"},{"taxonomy":"product_cat","embeddable":true,"href":"https:\/\/www.mobile-well.com\/es\/wp-json\/wp\/v2\/product_cat?post=111118"},{"taxonomy":"product_tag","embeddable":true,"href":"https:\/\/www.mobile-well.com\/es\/wp-json\/wp\/v2\/product_tag?post=111118"}],"curies":[{"name":"wp","href":"https:\/\/api.w.org\/{rel}","templated":true}]}}