{"id":111205,"date":"2023-06-20T11:09:10","date_gmt":"2023-06-20T03:09:10","guid":{"rendered":"https:\/\/www.mobile-well.com\/?post_type=product&#038;p=111205"},"modified":"2023-06-20T11:09:38","modified_gmt":"2023-06-20T03:09:38","slug":"xingchen-3-en-1-electrochapado-marco-de-la-camara-tpupc-inyeccion-de-aceite-funda-de-telefono","status":"publish","type":"product","link":"https:\/\/www.mobile-well.com\/es\/producto\/xingchen-3-en-1-electrochapado-marco-de-la-camara-tpupc-inyeccion-de-aceite-funda-de-telefono\/","title":{"rendered":"XingChen 3 en 1 Electrochapado marco de la c\u00e1mara TPU+PC inyecci\u00f3n de aceite Funda de tel\u00e9fono"},"content":{"rendered":"","protected":false},"excerpt":{"rendered":"<ul>\n<li>N.\u00ba de producto P1060-A06<\/li>\n<li>MOQ:200Pcs\/Modelo,50Pcs\/color<\/li>\n<li>Material:TPU+PC<\/li>\n<li>Artesan\u00eda:Inyecci\u00f3n de aceite<\/li>\n<li>N.W del producto: 43.2g<\/li>\n<li>Tama\u00f1o CTN: 60*45*33cm, 500pcs\/ctn, 21.6 KG<\/li>\n<\/ul>\n","protected":false},"featured_media":111234,"template":"","meta":[],"product_brand":[],"product_cat":[77],"product_tag":[8026],"class_list":{"0":"post-111205","1":"product","2":"type-product","3":"status-publish","4":"has-post-thumbnail","6":"product_cat-fundas","7":"product_tag-tpupc-inyeccion-de-aceite-funda-de-telefono","9":"first","10":"instock","11":"shipping-taxable","12":"product-type-simple"},"jetpack_sharing_enabled":true,"_links":{"self":[{"href":"https:\/\/www.mobile-well.com\/es\/wp-json\/wp\/v2\/product\/111205","targetHints":{"allow":["GET"]}}],"collection":[{"href":"https:\/\/www.mobile-well.com\/es\/wp-json\/wp\/v2\/product"}],"about":[{"href":"https:\/\/www.mobile-well.com\/es\/wp-json\/wp\/v2\/types\/product"}],"wp:featuredmedia":[{"embeddable":true,"href":"https:\/\/www.mobile-well.com\/es\/wp-json\/wp\/v2\/media\/111234"}],"wp:attachment":[{"href":"https:\/\/www.mobile-well.com\/es\/wp-json\/wp\/v2\/media?parent=111205"}],"wp:term":[{"taxonomy":"product_brand","embeddable":true,"href":"https:\/\/www.mobile-well.com\/es\/wp-json\/wp\/v2\/product_brand?post=111205"},{"taxonomy":"product_cat","embeddable":true,"href":"https:\/\/www.mobile-well.com\/es\/wp-json\/wp\/v2\/product_cat?post=111205"},{"taxonomy":"product_tag","embeddable":true,"href":"https:\/\/www.mobile-well.com\/es\/wp-json\/wp\/v2\/product_tag?post=111205"}],"curies":[{"name":"wp","href":"https:\/\/api.w.org\/{rel}","templated":true}]}}