{"id":111250,"date":"2023-06-27T16:00:21","date_gmt":"2023-06-27T08:00:21","guid":{"rendered":"https:\/\/www.mobile-well.com\/?post_type=product&#038;p=111250"},"modified":"2023-08-02T15:25:55","modified_gmt":"2023-08-02T07:25:55","slug":"auriculares-estereo-inalambricos-con-cancelacion-de-ruido-v5-0-y-funcion-de-altavoz-bt","status":"publish","type":"product","link":"https:\/\/www.mobile-well.com\/es\/producto\/auriculares-estereo-inalambricos-con-cancelacion-de-ruido-v5-0-y-funcion-de-altavoz-bt\/","title":{"rendered":"Auriculares est\u00e9reo inal\u00e1mbricos con cancelaci\u00f3n de ruido V5.0 y funci\u00f3n de altavoz BT"},"content":{"rendered":"","protected":false},"excerpt":{"rendered":"<p>Nombre: QC360 Bose<br \/>\nCaracter\u00edsticas: Auriculares 250mah<br \/>\nPeso: 23KG<\/p>\n","protected":false},"featured_media":111255,"template":"","meta":[],"product_brand":[],"product_cat":[3017],"product_tag":[6911],"class_list":{"0":"post-111250","1":"product","2":"type-product","3":"status-publish","4":"has-post-thumbnail","6":"product_cat-auriculares","7":"product_tag-auriculares-estereo-inalambricos","9":"first","10":"instock","11":"shipping-taxable","12":"product-type-simple"},"jetpack_sharing_enabled":true,"_links":{"self":[{"href":"https:\/\/www.mobile-well.com\/es\/wp-json\/wp\/v2\/product\/111250","targetHints":{"allow":["GET"]}}],"collection":[{"href":"https:\/\/www.mobile-well.com\/es\/wp-json\/wp\/v2\/product"}],"about":[{"href":"https:\/\/www.mobile-well.com\/es\/wp-json\/wp\/v2\/types\/product"}],"wp:featuredmedia":[{"embeddable":true,"href":"https:\/\/www.mobile-well.com\/es\/wp-json\/wp\/v2\/media\/111255"}],"wp:attachment":[{"href":"https:\/\/www.mobile-well.com\/es\/wp-json\/wp\/v2\/media?parent=111250"}],"wp:term":[{"taxonomy":"product_brand","embeddable":true,"href":"https:\/\/www.mobile-well.com\/es\/wp-json\/wp\/v2\/product_brand?post=111250"},{"taxonomy":"product_cat","embeddable":true,"href":"https:\/\/www.mobile-well.com\/es\/wp-json\/wp\/v2\/product_cat?post=111250"},{"taxonomy":"product_tag","embeddable":true,"href":"https:\/\/www.mobile-well.com\/es\/wp-json\/wp\/v2\/product_tag?post=111250"}],"curies":[{"name":"wp","href":"https:\/\/api.w.org\/{rel}","templated":true}]}}