{"id":111333,"date":"2023-06-27T16:33:50","date_gmt":"2023-06-27T08:33:50","guid":{"rendered":"https:\/\/www.mobile-well.com\/?post_type=product&#038;p=111333"},"modified":"2024-04-13T15:28:34","modified_gmt":"2024-04-13T07:28:34","slug":"usb-c-pd-20w-cargador-rapido-portatil-abs-cargador-rapido-de-pared-adaptador-de-viaje","status":"publish","type":"product","link":"https:\/\/www.mobile-well.com\/es\/producto\/usb-c-pd-20w-cargador-rapido-portatil-abs-cargador-rapido-de-pared-adaptador-de-viaje\/","title":{"rendered":"USB-C PD 20W cargador r\u00e1pido port\u00e1til ABS cargador r\u00e1pido de pared adaptador de viaje"},"content":{"rendered":"","protected":false},"excerpt":{"rendered":"<ul>\n<li>Marca:SOMOSTEL<\/li>\n<li>Modelo:SMS-Q27<\/li>\n<li>Entrada:100-240V<\/li>\n<li>Frecuencia:50\/ 60Hz<\/li>\n<li>Corriente:0.5A<\/li>\n<li>Potencia nominal:QC3.0 18W<\/li>\n<li>Salida: 5V=3A\/ 9V=2A\/12V=1.5A<\/li>\n<li>Color:Blanco<\/li>\n<li>Tipo de enchufe:US\/EU<\/li>\n<li>Material:PC Materiales ign\u00edfugos<\/li>\n<li>N.W del producto:43.6G(us)<\/li>\n<\/ul>\n","protected":false},"featured_media":117765,"template":"","meta":[],"product_brand":[],"product_cat":[76],"product_tag":[8047],"class_list":{"0":"post-111333","1":"product","2":"type-product","3":"status-publish","4":"has-post-thumbnail","6":"product_cat-cargadores","7":"product_tag-pd-20w-cargador-rapido-portatil","9":"first","10":"instock","11":"shipping-taxable","12":"product-type-simple"},"jetpack_sharing_enabled":true,"_links":{"self":[{"href":"https:\/\/www.mobile-well.com\/es\/wp-json\/wp\/v2\/product\/111333","targetHints":{"allow":["GET"]}}],"collection":[{"href":"https:\/\/www.mobile-well.com\/es\/wp-json\/wp\/v2\/product"}],"about":[{"href":"https:\/\/www.mobile-well.com\/es\/wp-json\/wp\/v2\/types\/product"}],"wp:featuredmedia":[{"embeddable":true,"href":"https:\/\/www.mobile-well.com\/es\/wp-json\/wp\/v2\/media\/117765"}],"wp:attachment":[{"href":"https:\/\/www.mobile-well.com\/es\/wp-json\/wp\/v2\/media?parent=111333"}],"wp:term":[{"taxonomy":"product_brand","embeddable":true,"href":"https:\/\/www.mobile-well.com\/es\/wp-json\/wp\/v2\/product_brand?post=111333"},{"taxonomy":"product_cat","embeddable":true,"href":"https:\/\/www.mobile-well.com\/es\/wp-json\/wp\/v2\/product_cat?post=111333"},{"taxonomy":"product_tag","embeddable":true,"href":"https:\/\/www.mobile-well.com\/es\/wp-json\/wp\/v2\/product_tag?post=111333"}],"curies":[{"name":"wp","href":"https:\/\/api.w.org\/{rel}","templated":true}]}}