{"id":111346,"date":"2023-06-28T10:06:32","date_gmt":"2023-06-28T02:06:32","guid":{"rendered":"https:\/\/www.mobile-well.com\/?post_type=product&#038;p=111346"},"modified":"2023-06-28T10:06:43","modified_gmt":"2023-06-28T02:06:43","slug":"economy-usb-a-qc3-0-18w-rapido-cargador-de-pared-portatil-para-ordenador-diseno-elegante-adaptador-de-viaje-para-enchufes-eu-us","status":"publish","type":"product","link":"https:\/\/www.mobile-well.com\/es\/producto\/economy-usb-a-qc3-0-18w-rapido-cargador-de-pared-portatil-para-ordenador-diseno-elegante-adaptador-de-viaje-para-enchufes-eu-us\/","title":{"rendered":"Economy USB-A QC3.0 18W R\u00e1pido Cargador de Pared Port\u00e1til para Ordenador Dise\u00f1o Elegante Adaptador de Viaje para Enchufes EU\/US"},"content":{"rendered":"","protected":false},"excerpt":{"rendered":"<ul>\n<li>Entrada:AC 100- 240V<\/li>\n<li>Frecuencia:50\/ 60Hz<\/li>\n<li>Corriente:0.5A<\/li>\n<li>Color: Blanco<\/li>\n<li>Tipo de enchufe:EU<\/li>\n<li>Potencia nominal:18W<\/li>\n<li>Tipo de puerto: Puerto USB QC3.0<\/li>\n<li>Salida: 5V3A 9V2A 12V1.5A<\/li>\n<li>Peso:40G(Eu)<\/li>\n<li>Material:PC<\/li>\n<\/ul>\n","protected":false},"featured_media":111351,"template":"","meta":[],"product_brand":[],"product_cat":[76],"product_tag":[8048],"class_list":{"0":"post-111346","1":"product","2":"type-product","3":"status-publish","4":"has-post-thumbnail","6":"product_cat-cargadores","7":"product_tag-usb-a-qc3-0-18w-rapido-cargador","9":"first","10":"instock","11":"shipping-taxable","12":"product-type-simple"},"jetpack_sharing_enabled":true,"_links":{"self":[{"href":"https:\/\/www.mobile-well.com\/es\/wp-json\/wp\/v2\/product\/111346","targetHints":{"allow":["GET"]}}],"collection":[{"href":"https:\/\/www.mobile-well.com\/es\/wp-json\/wp\/v2\/product"}],"about":[{"href":"https:\/\/www.mobile-well.com\/es\/wp-json\/wp\/v2\/types\/product"}],"wp:featuredmedia":[{"embeddable":true,"href":"https:\/\/www.mobile-well.com\/es\/wp-json\/wp\/v2\/media\/111351"}],"wp:attachment":[{"href":"https:\/\/www.mobile-well.com\/es\/wp-json\/wp\/v2\/media?parent=111346"}],"wp:term":[{"taxonomy":"product_brand","embeddable":true,"href":"https:\/\/www.mobile-well.com\/es\/wp-json\/wp\/v2\/product_brand?post=111346"},{"taxonomy":"product_cat","embeddable":true,"href":"https:\/\/www.mobile-well.com\/es\/wp-json\/wp\/v2\/product_cat?post=111346"},{"taxonomy":"product_tag","embeddable":true,"href":"https:\/\/www.mobile-well.com\/es\/wp-json\/wp\/v2\/product_tag?post=111346"}],"curies":[{"name":"wp","href":"https:\/\/api.w.org\/{rel}","templated":true}]}}