{"id":111359,"date":"2023-06-29T15:31:32","date_gmt":"2023-06-29T07:31:32","guid":{"rendered":"https:\/\/www.mobile-well.com\/?post_type=product&#038;p=111359"},"modified":"2023-06-29T15:31:36","modified_gmt":"2023-06-29T07:31:36","slug":"auriculares-inalambricos-con-sonido-estereo-con-cancelacion-de-ruido-y-funcion-de-altavoz-bt","status":"publish","type":"product","link":"https:\/\/www.mobile-well.com\/es\/producto\/auriculares-inalambricos-con-sonido-estereo-con-cancelacion-de-ruido-y-funcion-de-altavoz-bt\/","title":{"rendered":"Auriculares inal\u00e1mbricos con sonido est\u00e9reo con cancelaci\u00f3n de ruido y funci\u00f3n de altavoz BT"},"content":{"rendered":"","protected":false},"excerpt":{"rendered":"<ul>\n<li>Nombre: 900 Frosted Neutral<\/li>\n<li>Caracter\u00edsticas:Auricular 250mah<\/li>\n<li>Cada pieza: 60 paquetes<\/li>\n<li>Tama\u00f1o de la caja: 61*45*46Cm<\/li>\n<li>Peso: 20KG<\/li>\n<\/ul>\n","protected":false},"featured_media":111370,"template":"","meta":[],"product_brand":[],"product_cat":[3022],"product_tag":[8050],"class_list":{"0":"post-111359","1":"product","2":"type-product","3":"status-publish","4":"has-post-thumbnail","6":"product_cat-headphones","7":"product_tag-auriculares-inalambricos-con-sonido-estereo-2","9":"first","10":"instock","11":"shipping-taxable","12":"product-type-simple"},"jetpack_sharing_enabled":true,"_links":{"self":[{"href":"https:\/\/www.mobile-well.com\/es\/wp-json\/wp\/v2\/product\/111359","targetHints":{"allow":["GET"]}}],"collection":[{"href":"https:\/\/www.mobile-well.com\/es\/wp-json\/wp\/v2\/product"}],"about":[{"href":"https:\/\/www.mobile-well.com\/es\/wp-json\/wp\/v2\/types\/product"}],"wp:featuredmedia":[{"embeddable":true,"href":"https:\/\/www.mobile-well.com\/es\/wp-json\/wp\/v2\/media\/111370"}],"wp:attachment":[{"href":"https:\/\/www.mobile-well.com\/es\/wp-json\/wp\/v2\/media?parent=111359"}],"wp:term":[{"taxonomy":"product_brand","embeddable":true,"href":"https:\/\/www.mobile-well.com\/es\/wp-json\/wp\/v2\/product_brand?post=111359"},{"taxonomy":"product_cat","embeddable":true,"href":"https:\/\/www.mobile-well.com\/es\/wp-json\/wp\/v2\/product_cat?post=111359"},{"taxonomy":"product_tag","embeddable":true,"href":"https:\/\/www.mobile-well.com\/es\/wp-json\/wp\/v2\/product_tag?post=111359"}],"curies":[{"name":"wp","href":"https:\/\/api.w.org\/{rel}","templated":true}]}}