{"id":111384,"date":"2023-06-29T15:46:49","date_gmt":"2023-06-29T07:46:49","guid":{"rendered":"https:\/\/www.mobile-well.com\/?post_type=product&#038;p=111384"},"modified":"2023-08-11T10:36:40","modified_gmt":"2023-08-11T02:36:40","slug":"nuevo-2023-unique-m37-auriculares-intrauditivos-estereo-inalambricos-con-cancelacion-de-ruido-v5-3","status":"publish","type":"product","link":"https:\/\/www.mobile-well.com\/es\/producto\/nuevo-2023-unique-m37-auriculares-intrauditivos-estereo-inalambricos-con-cancelacion-de-ruido-v5-3\/","title":{"rendered":"Nuevo 2023 Unique M37 Auriculares intrauditivos est\u00e9reo inal\u00e1mbricos con cancelaci\u00f3n de ruido V5.3"},"content":{"rendered":"","protected":false},"excerpt":{"rendered":"<ul>\n<li>Nombre:M37<\/li>\n<li>Versi\u00f3n Bluetooth:V5.3<\/li>\n<li>Protocolo compatible:AAC\/SBC<\/li>\n<li>Distancia de transmisi\u00f3n: 10 m<\/li>\n<li>Tiempo de conversaci\u00f3n: aprox. 5 horas<\/li>\n<li>Bater\u00eda del auricular: 40 mAh (bater\u00eda de pol\u00edmero)<\/li>\n<li>Bater\u00eda del compartimento: 250 mAh m\u00e1s placa de protecci\u00f3n<\/li>\n<li>Tama\u00f1o del altavoz: F13<\/li>\n<li>Impedancia del altavoz: 32\u03a9<\/li>\n<li>Sensibilidad del altavoz: 115 dB<\/li>\n<li>Color: negro, blanco, piel<\/li>\n<li>Tama\u00f1o de la caja de color: 92*91*35mm<\/li>\n<li>Cantidad de la caja entera: 100 PCS<\/li>\n<li>Tama\u00f1o de la caja exterior: 51.5*36.5*20.5cm<\/li>\n<li>Peso de toda la caja: 7,6 KG<\/li>\n<\/ul>\n","protected":false},"featured_media":111405,"template":"","meta":[],"product_brand":[],"product_cat":[3017],"product_tag":[6823],"class_list":{"0":"post-111384","1":"product","2":"type-product","3":"status-publish","4":"has-post-thumbnail","6":"product_cat-auriculares","7":"product_tag-auriculares-intrauditivos","9":"first","10":"instock","11":"shipping-taxable","12":"product-type-simple"},"jetpack_sharing_enabled":true,"_links":{"self":[{"href":"https:\/\/www.mobile-well.com\/es\/wp-json\/wp\/v2\/product\/111384","targetHints":{"allow":["GET"]}}],"collection":[{"href":"https:\/\/www.mobile-well.com\/es\/wp-json\/wp\/v2\/product"}],"about":[{"href":"https:\/\/www.mobile-well.com\/es\/wp-json\/wp\/v2\/types\/product"}],"wp:featuredmedia":[{"embeddable":true,"href":"https:\/\/www.mobile-well.com\/es\/wp-json\/wp\/v2\/media\/111405"}],"wp:attachment":[{"href":"https:\/\/www.mobile-well.com\/es\/wp-json\/wp\/v2\/media?parent=111384"}],"wp:term":[{"taxonomy":"product_brand","embeddable":true,"href":"https:\/\/www.mobile-well.com\/es\/wp-json\/wp\/v2\/product_brand?post=111384"},{"taxonomy":"product_cat","embeddable":true,"href":"https:\/\/www.mobile-well.com\/es\/wp-json\/wp\/v2\/product_cat?post=111384"},{"taxonomy":"product_tag","embeddable":true,"href":"https:\/\/www.mobile-well.com\/es\/wp-json\/wp\/v2\/product_tag?post=111384"}],"curies":[{"name":"wp","href":"https:\/\/api.w.org\/{rel}","templated":true}]}}