{"id":111500,"date":"2023-07-04T10:24:22","date_gmt":"2023-07-04T02:24:22","guid":{"rendered":"https:\/\/www.mobile-well.com\/?post_type=product&#038;p=111500"},"modified":"2023-07-04T10:24:32","modified_gmt":"2023-07-04T02:24:32","slug":"artefacto-de-pelicula-de-caballero-blanco-de-pelicula-de-cabeza-de-ojo-de-halcon-en-relieve-3d","status":"publish","type":"product","link":"https:\/\/www.mobile-well.com\/es\/producto\/artefacto-de-pelicula-de-caballero-blanco-de-pelicula-de-cabeza-de-ojo-de-halcon-en-relieve-3d\/","title":{"rendered":"Artefacto de pel\u00edcula de caballero blanco de pel\u00edcula de cabeza de ojo de halc\u00f3n en relieve 3D"},"content":{"rendered":"","protected":false},"excerpt":{"rendered":"<ul>\n<li>Name: 3D embossed white knight film sticker<\/li>\n<li>MOQ: 50 per model\/per image<\/li>\n<\/ul>\n","protected":false},"featured_media":111533,"template":"","meta":[],"product_brand":[],"product_cat":[467],"product_tag":[8057],"class_list":{"0":"post-111500","1":"product","2":"type-product","3":"status-publish","4":"has-post-thumbnail","6":"product_cat-gadgets-2","7":"product_tag-pelicula-de-cabeza-de-ojo-de-halcon-en-relieve-3d","9":"first","10":"instock","11":"shipping-taxable","12":"product-type-simple"},"jetpack_sharing_enabled":true,"_links":{"self":[{"href":"https:\/\/www.mobile-well.com\/es\/wp-json\/wp\/v2\/product\/111500","targetHints":{"allow":["GET"]}}],"collection":[{"href":"https:\/\/www.mobile-well.com\/es\/wp-json\/wp\/v2\/product"}],"about":[{"href":"https:\/\/www.mobile-well.com\/es\/wp-json\/wp\/v2\/types\/product"}],"wp:featuredmedia":[{"embeddable":true,"href":"https:\/\/www.mobile-well.com\/es\/wp-json\/wp\/v2\/media\/111533"}],"wp:attachment":[{"href":"https:\/\/www.mobile-well.com\/es\/wp-json\/wp\/v2\/media?parent=111500"}],"wp:term":[{"taxonomy":"product_brand","embeddable":true,"href":"https:\/\/www.mobile-well.com\/es\/wp-json\/wp\/v2\/product_brand?post=111500"},{"taxonomy":"product_cat","embeddable":true,"href":"https:\/\/www.mobile-well.com\/es\/wp-json\/wp\/v2\/product_cat?post=111500"},{"taxonomy":"product_tag","embeddable":true,"href":"https:\/\/www.mobile-well.com\/es\/wp-json\/wp\/v2\/product_tag?post=111500"}],"curies":[{"name":"wp","href":"https:\/\/api.w.org\/{rel}","templated":true}]}}