{"id":111547,"date":"2023-07-04T10:37:09","date_gmt":"2023-07-04T02:37:09","guid":{"rendered":"https:\/\/www.mobile-well.com\/?post_type=product&#038;p=111547"},"modified":"2023-08-10T17:03:45","modified_gmt":"2023-08-10T09:03:45","slug":"ojo-de-aguila-en-relieve-3d-pelicula-de-proteccion-de-lente-de-telefono-movil","status":"publish","type":"product","link":"https:\/\/www.mobile-well.com\/es\/producto\/ojo-de-aguila-en-relieve-3d-pelicula-de-proteccion-de-lente-de-telefono-movil\/","title":{"rendered":"Ojo de \u00c1guila en relieve 3D Pel\u00edcula de Protecci\u00f3n de Lente de Tel\u00e9fono M\u00f3vil"},"content":{"rendered":"","protected":false},"excerpt":{"rendered":"<ul>\n<li>Nombre: 3D en relieve ojo de \u00e1guila pel\u00edcula de la lente<\/li>\n<li>MOQ: 50 por modelo\/por imagen<\/li>\n<\/ul>\n","protected":false},"featured_media":111548,"template":"","meta":[],"product_brand":[],"product_cat":[467],"product_tag":[8249],"class_list":{"0":"post-111547","1":"product","2":"type-product","3":"status-publish","4":"has-post-thumbnail","6":"product_cat-gadgets-2","7":"product_tag-proteccion-de-lente-de-telefono-movil","9":"first","10":"instock","11":"shipping-taxable","12":"product-type-simple"},"jetpack_sharing_enabled":true,"_links":{"self":[{"href":"https:\/\/www.mobile-well.com\/es\/wp-json\/wp\/v2\/product\/111547","targetHints":{"allow":["GET"]}}],"collection":[{"href":"https:\/\/www.mobile-well.com\/es\/wp-json\/wp\/v2\/product"}],"about":[{"href":"https:\/\/www.mobile-well.com\/es\/wp-json\/wp\/v2\/types\/product"}],"wp:featuredmedia":[{"embeddable":true,"href":"https:\/\/www.mobile-well.com\/es\/wp-json\/wp\/v2\/media\/111548"}],"wp:attachment":[{"href":"https:\/\/www.mobile-well.com\/es\/wp-json\/wp\/v2\/media?parent=111547"}],"wp:term":[{"taxonomy":"product_brand","embeddable":true,"href":"https:\/\/www.mobile-well.com\/es\/wp-json\/wp\/v2\/product_brand?post=111547"},{"taxonomy":"product_cat","embeddable":true,"href":"https:\/\/www.mobile-well.com\/es\/wp-json\/wp\/v2\/product_cat?post=111547"},{"taxonomy":"product_tag","embeddable":true,"href":"https:\/\/www.mobile-well.com\/es\/wp-json\/wp\/v2\/product_tag?post=111547"}],"curies":[{"name":"wp","href":"https:\/\/api.w.org\/{rel}","templated":true}]}}