{"id":111590,"date":"2023-07-04T10:47:22","date_gmt":"2023-07-04T02:47:22","guid":{"rendered":"https:\/\/www.mobile-well.com\/?post_type=product&#038;p=111590"},"modified":"2023-08-10T17:24:59","modified_gmt":"2023-08-10T09:24:59","slug":"rx-1241a-trolley-de-12-estereo-con-bluetooth","status":"publish","type":"product","link":"https:\/\/www.mobile-well.com\/es\/producto\/rx-1241a-trolley-de-12-estereo-con-bluetooth\/","title":{"rendered":"2400MAH Capacidad de la bater\u00eda China F\u00e1brica al por mayor LED multifunci\u00f3n port\u00e1til Karaoke Fiesta DJ parlantes"},"content":{"rendered":"","protected":false},"excerpt":{"rendered":"<ul>\n<li>Salida: 3\u03a9 20W*1<\/li>\n<li>Frecuencia: 100HZ&#8212;20KHZ<\/li>\n<li>Especificaciones del altavoz: 12 pulgadas x1+tweeter<\/li>\n<li>SNR: \u226585db<\/li>\n<li>Fuente de alimentaci\u00f3n: DC 5V<\/li>\n<li>Bater\u00eda: 3.7V 2400mAh<\/li>\n<li>Funci\u00f3n: BT\/USB\/TF\/FM \/AUX\/Tres mandos \/Karaoke\/Luz LED\/Pantalla\/TWS<\/li>\n<\/ul>\n","protected":false},"featured_media":111611,"template":"","meta":[],"product_brand":[],"product_cat":[310],"product_tag":[8251,6163],"class_list":{"0":"post-111590","1":"product","2":"type-product","3":"status-publish","4":"has-post-thumbnail","6":"product_cat-parlantes","7":"product_tag-fiesta-dj-parlantes","8":"product_tag-parlantes","10":"first","11":"instock","12":"shipping-taxable","13":"product-type-simple"},"jetpack_sharing_enabled":true,"_links":{"self":[{"href":"https:\/\/www.mobile-well.com\/es\/wp-json\/wp\/v2\/product\/111590","targetHints":{"allow":["GET"]}}],"collection":[{"href":"https:\/\/www.mobile-well.com\/es\/wp-json\/wp\/v2\/product"}],"about":[{"href":"https:\/\/www.mobile-well.com\/es\/wp-json\/wp\/v2\/types\/product"}],"wp:featuredmedia":[{"embeddable":true,"href":"https:\/\/www.mobile-well.com\/es\/wp-json\/wp\/v2\/media\/111611"}],"wp:attachment":[{"href":"https:\/\/www.mobile-well.com\/es\/wp-json\/wp\/v2\/media?parent=111590"}],"wp:term":[{"taxonomy":"product_brand","embeddable":true,"href":"https:\/\/www.mobile-well.com\/es\/wp-json\/wp\/v2\/product_brand?post=111590"},{"taxonomy":"product_cat","embeddable":true,"href":"https:\/\/www.mobile-well.com\/es\/wp-json\/wp\/v2\/product_cat?post=111590"},{"taxonomy":"product_tag","embeddable":true,"href":"https:\/\/www.mobile-well.com\/es\/wp-json\/wp\/v2\/product_tag?post=111590"}],"curies":[{"name":"wp","href":"https:\/\/api.w.org\/{rel}","templated":true}]}}