{"id":111680,"date":"2023-07-04T16:52:16","date_gmt":"2023-07-04T08:52:16","guid":{"rendered":"https:\/\/www.mobile-well.com\/?post_type=product&#038;p=111680"},"modified":"2023-07-04T16:52:40","modified_gmt":"2023-07-04T08:52:40","slug":"economico-usb-a-10w-cargador-rapido-portatil-cargador-de-pared-para-pc-diseno-brillante-adaptador-de-viaje-para-enchufe-eu-us","status":"publish","type":"product","link":"https:\/\/www.mobile-well.com\/es\/producto\/economico-usb-a-10w-cargador-rapido-portatil-cargador-de-pared-para-pc-diseno-brillante-adaptador-de-viaje-para-enchufe-eu-us\/","title":{"rendered":"Econ\u00f3mico USB-A 10W Cargador R\u00e1pido Port\u00e1til Cargador de Pared para PC Dise\u00f1o Brillante Adaptador de Viaje Para Enchufe EU\/US"},"content":{"rendered":"","protected":false},"excerpt":{"rendered":"<ul>\n<li>Voltaje de entrada:AC100- 240V<\/li>\n<li>Frecuencia:50\/ 60Hz<\/li>\n<li>Corriente:0.35A<\/li>\n<li>Voltaje de salida:5V<\/li>\n<li>Corriente de salida:2A<\/li>\n<li>Potencia nominal:10W<\/li>\n<li>Tipo de enchufe: EU<\/li>\n<li>Material:PC<\/li>\n<li>Color:Blanco y gris<\/li>\n<li>Peso del producto:35.8g<\/li>\n<\/ul>\n","protected":false},"featured_media":111685,"template":"","meta":[],"product_brand":[],"product_cat":[76],"product_tag":[8063],"class_list":{"0":"post-111680","1":"product","2":"type-product","3":"status-publish","4":"has-post-thumbnail","6":"product_cat-cargadores","7":"product_tag-economico-usb-a-10w-cargador","9":"first","10":"instock","11":"shipping-taxable","12":"product-type-simple"},"jetpack_sharing_enabled":true,"_links":{"self":[{"href":"https:\/\/www.mobile-well.com\/es\/wp-json\/wp\/v2\/product\/111680","targetHints":{"allow":["GET"]}}],"collection":[{"href":"https:\/\/www.mobile-well.com\/es\/wp-json\/wp\/v2\/product"}],"about":[{"href":"https:\/\/www.mobile-well.com\/es\/wp-json\/wp\/v2\/types\/product"}],"wp:featuredmedia":[{"embeddable":true,"href":"https:\/\/www.mobile-well.com\/es\/wp-json\/wp\/v2\/media\/111685"}],"wp:attachment":[{"href":"https:\/\/www.mobile-well.com\/es\/wp-json\/wp\/v2\/media?parent=111680"}],"wp:term":[{"taxonomy":"product_brand","embeddable":true,"href":"https:\/\/www.mobile-well.com\/es\/wp-json\/wp\/v2\/product_brand?post=111680"},{"taxonomy":"product_cat","embeddable":true,"href":"https:\/\/www.mobile-well.com\/es\/wp-json\/wp\/v2\/product_cat?post=111680"},{"taxonomy":"product_tag","embeddable":true,"href":"https:\/\/www.mobile-well.com\/es\/wp-json\/wp\/v2\/product_tag?post=111680"}],"curies":[{"name":"wp","href":"https:\/\/api.w.org\/{rel}","templated":true}]}}