{"id":111689,"date":"2023-07-04T17:03:31","date_gmt":"2023-07-04T09:03:31","guid":{"rendered":"https:\/\/www.mobile-well.com\/?post_type=product&#038;p=111689"},"modified":"2023-07-04T17:03:37","modified_gmt":"2023-07-04T09:03:37","slug":"v5-3-auriculares-inalambricos-con-cancelacion-de-ruido-auriculares-bt-hifi-stereo-gaming-auriculares-de-diadema-para-telefono-movil-tablet-pc","status":"publish","type":"product","link":"https:\/\/www.mobile-well.com\/es\/producto\/v5-3-auriculares-inalambricos-con-cancelacion-de-ruido-auriculares-bt-hifi-stereo-gaming-auriculares-de-diadema-para-telefono-movil-tablet-pc\/","title":{"rendered":"V5.3 Auriculares inal\u00e1mbricos con cancelaci\u00f3n de ruido Auriculares BT Hifi Stereo Gaming Auriculares de diadema Para tel\u00e9fono m\u00f3vil\/tablet\/PC"},"content":{"rendered":"","protected":false},"excerpt":{"rendered":"<ul>\n<li>Nombre:Auricular BT inal\u00e1mbrico<\/li>\n<li>Color:Blanco,Negro<\/li>\n<li>Versi\u00f3n BT: V5.3<\/li>\n<li>Distancia de transmisi\u00f3n:10-15M<\/li>\n<li>Tiempo de escucha:5- 6H<\/li>\n<li>Tiempo de carga:Alrededor de 1H<\/li>\n<li>Tiempo en espera:10 d\u00edas<\/li>\n<li>Bater\u00eda de los auriculares:40mAh*2<\/li>\n<li>Bater\u00eda del estuche de carga: 300mAh<\/li>\n<li>Puerto de carga: Puerto Tipo-C<\/li>\n<li>Peso de un auricular:3.8G<\/li>\n<li>Peso neto del producto (estuche de carga + auriculares): 44.5G<\/li>\n<li>Peso bruto del producto (con embalaje individual): 72,5 G<\/li>\n<\/ul>\n","protected":false},"featured_media":111694,"template":"","meta":[],"product_brand":[],"product_cat":[3017],"product_tag":[8064],"class_list":{"0":"post-111689","1":"product","2":"type-product","3":"status-publish","4":"has-post-thumbnail","6":"product_cat-auriculares","7":"product_tag-v5-3-auriculares-inalambricos","9":"first","10":"instock","11":"shipping-taxable","12":"product-type-simple"},"jetpack_sharing_enabled":true,"_links":{"self":[{"href":"https:\/\/www.mobile-well.com\/es\/wp-json\/wp\/v2\/product\/111689","targetHints":{"allow":["GET"]}}],"collection":[{"href":"https:\/\/www.mobile-well.com\/es\/wp-json\/wp\/v2\/product"}],"about":[{"href":"https:\/\/www.mobile-well.com\/es\/wp-json\/wp\/v2\/types\/product"}],"wp:featuredmedia":[{"embeddable":true,"href":"https:\/\/www.mobile-well.com\/es\/wp-json\/wp\/v2\/media\/111694"}],"wp:attachment":[{"href":"https:\/\/www.mobile-well.com\/es\/wp-json\/wp\/v2\/media?parent=111689"}],"wp:term":[{"taxonomy":"product_brand","embeddable":true,"href":"https:\/\/www.mobile-well.com\/es\/wp-json\/wp\/v2\/product_brand?post=111689"},{"taxonomy":"product_cat","embeddable":true,"href":"https:\/\/www.mobile-well.com\/es\/wp-json\/wp\/v2\/product_cat?post=111689"},{"taxonomy":"product_tag","embeddable":true,"href":"https:\/\/www.mobile-well.com\/es\/wp-json\/wp\/v2\/product_tag?post=111689"}],"curies":[{"name":"wp","href":"https:\/\/api.w.org\/{rel}","templated":true}]}}