{"id":111700,"date":"2023-07-04T17:13:28","date_gmt":"2023-07-04T09:13:28","guid":{"rendered":"https:\/\/www.mobile-well.com\/?post_type=product&#038;p=111700"},"modified":"2023-07-04T17:13:33","modified_gmt":"2023-07-04T09:13:33","slug":"v5-3-auriculares-inalambricos-con-cancelacion-de-ruido-auriculares-bt-hifi-stereo-gaming-auriculares-de-diadema-para-telefono-movil-tablet-pc-2","status":"publish","type":"product","link":"https:\/\/www.mobile-well.com\/es\/producto\/v5-3-auriculares-inalambricos-con-cancelacion-de-ruido-auriculares-bt-hifi-stereo-gaming-auriculares-de-diadema-para-telefono-movil-tablet-pc-2\/","title":{"rendered":"V5.3 Auriculares inal\u00e1mbricos con cancelaci\u00f3n de ruido Auriculares BT Hifi Stereo Gaming Auriculares de diadema Para tel\u00e9fono m\u00f3vil\/tablet\/PC"},"content":{"rendered":"","protected":false},"excerpt":{"rendered":"<ul>\n<li>Nombre:True Wireless BT Earphone<\/li>\n<li>Distancia de transmisi\u00f3n:15M (entorno est\u00e1ndar)<\/li>\n<li>Frecuencia de transmisi\u00f3n: banda de 24 GHz<\/li>\n<li>Sensibilidad:103+ 3dB A 1000Hz a 0.126v<\/li>\n<li>Capacidad del compartimento de carga:180mAH<\/li>\n<li>Capacidad de la bater\u00eda del auricular: 30mAH<\/li>\n<li>Duraci\u00f3n de la bater\u00eda: Una sola bater\u00eda es de aproximadamente 4-5 horas, con un compartimento de carga unas 24 horas<\/li>\n<li>Tiempo de carga: 45 minutos (auricular), 60 minutos (compartimento de carga) compartimento de carga)<\/li>\n<li>Color:Blanco<\/li>\n<li>Peso neto del producto: 38,5 g (compartimento de carga), 6,3 g (auricular)<\/li>\n<li>Tama\u00f1o del producto:54.2*46.7*24.3mm<\/li>\n<\/ul>\n","protected":false},"featured_media":111701,"template":"","meta":[],"product_brand":[],"product_cat":[3017],"product_tag":[8064],"class_list":{"0":"post-111700","1":"product","2":"type-product","3":"status-publish","4":"has-post-thumbnail","6":"product_cat-auriculares","7":"product_tag-v5-3-auriculares-inalambricos","9":"first","10":"instock","11":"shipping-taxable","12":"product-type-simple"},"jetpack_sharing_enabled":true,"_links":{"self":[{"href":"https:\/\/www.mobile-well.com\/es\/wp-json\/wp\/v2\/product\/111700","targetHints":{"allow":["GET"]}}],"collection":[{"href":"https:\/\/www.mobile-well.com\/es\/wp-json\/wp\/v2\/product"}],"about":[{"href":"https:\/\/www.mobile-well.com\/es\/wp-json\/wp\/v2\/types\/product"}],"wp:featuredmedia":[{"embeddable":true,"href":"https:\/\/www.mobile-well.com\/es\/wp-json\/wp\/v2\/media\/111701"}],"wp:attachment":[{"href":"https:\/\/www.mobile-well.com\/es\/wp-json\/wp\/v2\/media?parent=111700"}],"wp:term":[{"taxonomy":"product_brand","embeddable":true,"href":"https:\/\/www.mobile-well.com\/es\/wp-json\/wp\/v2\/product_brand?post=111700"},{"taxonomy":"product_cat","embeddable":true,"href":"https:\/\/www.mobile-well.com\/es\/wp-json\/wp\/v2\/product_cat?post=111700"},{"taxonomy":"product_tag","embeddable":true,"href":"https:\/\/www.mobile-well.com\/es\/wp-json\/wp\/v2\/product_tag?post=111700"}],"curies":[{"name":"wp","href":"https:\/\/api.w.org\/{rel}","templated":true}]}}