{"id":111853,"date":"2023-07-18T11:30:57","date_gmt":"2023-07-18T03:30:57","guid":{"rendered":"https:\/\/www.mobile-well.com\/?post_type=product&#038;p=111853"},"modified":"2023-08-08T11:32:55","modified_gmt":"2023-08-08T03:32:55","slug":"1-5mm-acrilico-cristalino-agujero-preciso-moldeo-por-inyeccion-tpu-acrilico-caso-del-telefono","status":"publish","type":"product","link":"https:\/\/www.mobile-well.com\/es\/producto\/1-5mm-acrilico-cristalino-agujero-preciso-moldeo-por-inyeccion-tpu-acrilico-caso-del-telefono\/","title":{"rendered":"Estuches para celulares1.5MM Acr\u00edlico Transparente Agujero de Precisi\u00f3n Moldeado por Inyecci\u00f3n TPU Funda Protectora"},"content":{"rendered":"","protected":false},"excerpt":{"rendered":"<ul>\n<li>N.\u00ba de producto P7070-A10<\/li>\n<li>MOQ:100Pcs\/Modelo, 20Pcs\/color<\/li>\n<li>Material: TPU + acr\u00edlico<\/li>\n<li>Artesan\u00eda: moldeo por inyecci\u00f3n<\/li>\n<li>N.W. del producto: 36.6g<\/li>\n<li>Tama\u00f1o CTN: 60*45*33cm,500pcs\/ctn,18.30KG<\/li>\n<\/ul>\n","protected":false},"featured_media":111860,"template":"","meta":[],"product_brand":[],"product_cat":[77],"product_tag":[8198],"class_list":{"0":"post-111853","1":"product","2":"type-product","3":"status-publish","4":"has-post-thumbnail","6":"product_cat-fundas","7":"product_tag-estuches-para-celulares","9":"first","10":"instock","11":"shipping-taxable","12":"product-type-simple"},"jetpack_sharing_enabled":true,"_links":{"self":[{"href":"https:\/\/www.mobile-well.com\/es\/wp-json\/wp\/v2\/product\/111853","targetHints":{"allow":["GET"]}}],"collection":[{"href":"https:\/\/www.mobile-well.com\/es\/wp-json\/wp\/v2\/product"}],"about":[{"href":"https:\/\/www.mobile-well.com\/es\/wp-json\/wp\/v2\/types\/product"}],"wp:featuredmedia":[{"embeddable":true,"href":"https:\/\/www.mobile-well.com\/es\/wp-json\/wp\/v2\/media\/111860"}],"wp:attachment":[{"href":"https:\/\/www.mobile-well.com\/es\/wp-json\/wp\/v2\/media?parent=111853"}],"wp:term":[{"taxonomy":"product_brand","embeddable":true,"href":"https:\/\/www.mobile-well.com\/es\/wp-json\/wp\/v2\/product_brand?post=111853"},{"taxonomy":"product_cat","embeddable":true,"href":"https:\/\/www.mobile-well.com\/es\/wp-json\/wp\/v2\/product_cat?post=111853"},{"taxonomy":"product_tag","embeddable":true,"href":"https:\/\/www.mobile-well.com\/es\/wp-json\/wp\/v2\/product_tag?post=111853"}],"curies":[{"name":"wp","href":"https:\/\/api.w.org\/{rel}","templated":true}]}}