{"id":111918,"date":"2023-07-19T11:15:44","date_gmt":"2023-07-19T03:15:44","guid":{"rendered":"https:\/\/www.mobile-well.com\/?post_type=product&#038;p=111918"},"modified":"2023-07-26T10:42:09","modified_gmt":"2023-07-26T02:42:09","slug":"1-5mm-acrilico-transparente-moldeado-por-inyeccion-tpu-caja-de-telefono-acrilico","status":"publish","type":"product","link":"https:\/\/www.mobile-well.com\/es\/producto\/1-5mm-acrilico-transparente-moldeado-por-inyeccion-tpu-caja-de-telefono-acrilico\/","title":{"rendered":"1.5MM acr\u00edlico transparente moldeado por inyecci\u00f3n TPU + caja de tel\u00e9fono acr\u00edlico"},"content":{"rendered":"","protected":false},"excerpt":{"rendered":"<ul>\n<li>Producto NO. : P7070-A06<\/li>\n<li>MOQ : 100Pcs\/Modelo, 20Pcs\/color<\/li>\n<li>Material : TPU+Acr\u00edlico<\/li>\n<li>Artesan\u00eda : moldeo por inyecci\u00f3n<\/li>\n<li>Producto N.W. : 34.5g<\/li>\n<li>Tama\u00f1o CTN : 60*45*33cm , 500pcs\/ctn , 17.25KG<\/li>\n<\/ul>\n","protected":false},"featured_media":111925,"template":"","meta":[],"product_brand":[],"product_cat":[77],"product_tag":[8076],"class_list":{"0":"post-111918","1":"product","2":"type-product","3":"status-publish","4":"has-post-thumbnail","6":"product_cat-fundas","7":"product_tag-tpu-caja-de-telefono-acrilico","9":"first","10":"instock","11":"shipping-taxable","12":"product-type-simple"},"jetpack_sharing_enabled":true,"_links":{"self":[{"href":"https:\/\/www.mobile-well.com\/es\/wp-json\/wp\/v2\/product\/111918","targetHints":{"allow":["GET"]}}],"collection":[{"href":"https:\/\/www.mobile-well.com\/es\/wp-json\/wp\/v2\/product"}],"about":[{"href":"https:\/\/www.mobile-well.com\/es\/wp-json\/wp\/v2\/types\/product"}],"wp:featuredmedia":[{"embeddable":true,"href":"https:\/\/www.mobile-well.com\/es\/wp-json\/wp\/v2\/media\/111925"}],"wp:attachment":[{"href":"https:\/\/www.mobile-well.com\/es\/wp-json\/wp\/v2\/media?parent=111918"}],"wp:term":[{"taxonomy":"product_brand","embeddable":true,"href":"https:\/\/www.mobile-well.com\/es\/wp-json\/wp\/v2\/product_brand?post=111918"},{"taxonomy":"product_cat","embeddable":true,"href":"https:\/\/www.mobile-well.com\/es\/wp-json\/wp\/v2\/product_cat?post=111918"},{"taxonomy":"product_tag","embeddable":true,"href":"https:\/\/www.mobile-well.com\/es\/wp-json\/wp\/v2\/product_tag?post=111918"}],"curies":[{"name":"wp","href":"https:\/\/api.w.org\/{rel}","templated":true}]}}