{"id":111979,"date":"2023-07-20T10:34:34","date_gmt":"2023-07-20T02:34:34","guid":{"rendered":"https:\/\/www.mobile-well.com\/?post_type=product&#038;p=111979"},"modified":"2023-08-08T15:24:54","modified_gmt":"2023-08-08T07:24:54","slug":"orificio-preciso-2-en-1-epoxy-tpuacrilico-con-encanto-de-telefono-funda-de-telefono","status":"publish","type":"product","link":"https:\/\/www.mobile-well.com\/es\/producto\/orificio-preciso-2-en-1-epoxy-tpuacrilico-con-encanto-de-telefono-funda-de-telefono\/","title":{"rendered":"orificio preciso 2 en 1 Epoxy TPU+acr\u00edlico con encanto de tel\u00e9fono funda de tel\u00e9fono"},"content":{"rendered":"","protected":false},"excerpt":{"rendered":"<ul>\n<li>Producto NO. : P7070-A12<\/li>\n<li>MOQ : 200Pcs\/Modelo, 50Pcs\/color<\/li>\n<li>Material : TPU + acr\u00edlico<\/li>\n<li>Artesan\u00eda: Epoxy<\/li>\n<li>N.W. del producto : 48.8g<\/li>\n<li>Tama\u00f1o CTN : 60*45*33cm , 500pcs\/ctn , 24.4KG<\/li>\n<\/ul>\n","protected":false},"featured_media":111990,"template":"","meta":[],"product_brand":[],"product_cat":[77],"product_tag":[1784],"class_list":{"0":"post-111979","1":"product","2":"type-product","3":"status-publish","4":"has-post-thumbnail","6":"product_cat-fundas","7":"product_tag-funda-de-telefono","9":"first","10":"instock","11":"shipping-taxable","12":"product-type-simple"},"jetpack_sharing_enabled":true,"_links":{"self":[{"href":"https:\/\/www.mobile-well.com\/es\/wp-json\/wp\/v2\/product\/111979","targetHints":{"allow":["GET"]}}],"collection":[{"href":"https:\/\/www.mobile-well.com\/es\/wp-json\/wp\/v2\/product"}],"about":[{"href":"https:\/\/www.mobile-well.com\/es\/wp-json\/wp\/v2\/types\/product"}],"wp:featuredmedia":[{"embeddable":true,"href":"https:\/\/www.mobile-well.com\/es\/wp-json\/wp\/v2\/media\/111990"}],"wp:attachment":[{"href":"https:\/\/www.mobile-well.com\/es\/wp-json\/wp\/v2\/media?parent=111979"}],"wp:term":[{"taxonomy":"product_brand","embeddable":true,"href":"https:\/\/www.mobile-well.com\/es\/wp-json\/wp\/v2\/product_brand?post=111979"},{"taxonomy":"product_cat","embeddable":true,"href":"https:\/\/www.mobile-well.com\/es\/wp-json\/wp\/v2\/product_cat?post=111979"},{"taxonomy":"product_tag","embeddable":true,"href":"https:\/\/www.mobile-well.com\/es\/wp-json\/wp\/v2\/product_tag?post=111979"}],"curies":[{"name":"wp","href":"https:\/\/api.w.org\/{rel}","templated":true}]}}