{"id":112002,"date":"2023-07-20T10:42:53","date_gmt":"2023-07-20T02:42:53","guid":{"rendered":"https:\/\/www.mobile-well.com\/?post_type=product&#038;p=112002"},"modified":"2023-07-20T10:43:21","modified_gmt":"2023-07-20T02:43:21","slug":"brillante-armadura-de-metal-pintura-en-aerosol-caja-del-telefono-de-inyeccion-de-aceite-tpu-pc-caja-del-telefono","status":"publish","type":"product","link":"https:\/\/www.mobile-well.com\/es\/producto\/brillante-armadura-de-metal-pintura-en-aerosol-caja-del-telefono-de-inyeccion-de-aceite-tpu-pc-caja-del-telefono\/","title":{"rendered":"Brillante armadura de metal pintura en aerosol caja del tel\u00e9fono de inyecci\u00f3n de aceite TPU + PC caja del tel\u00e9fono"},"content":{"rendered":"","protected":false},"excerpt":{"rendered":"<ul>\n<li>N.\u00ba de producto P7070-A15<\/li>\n<li>MOQ:200Pcs\/Modelo, 50Pcs\/color<\/li>\n<li>Material:TPU+PC<\/li>\n<li>Artesan\u00eda:inyecci\u00f3n de aceite<\/li>\n<li>N.W. del producto: 56.3g<\/li>\n<li>Producto G.W.:70.6g<\/li>\n<li>Tama\u00f1o CTN: 60*45*33cm,500pcs\/ctn,35.30KG<\/li>\n<\/ul>\n","protected":false},"featured_media":112019,"template":"","meta":[],"product_brand":[],"product_cat":[77],"product_tag":[7661],"class_list":{"0":"post-112002","1":"product","2":"type-product","3":"status-publish","4":"has-post-thumbnail","6":"product_cat-fundas","7":"product_tag-tpu-pc-caja-del-telefono","9":"first","10":"instock","11":"shipping-taxable","12":"product-type-simple"},"jetpack_sharing_enabled":true,"_links":{"self":[{"href":"https:\/\/www.mobile-well.com\/es\/wp-json\/wp\/v2\/product\/112002","targetHints":{"allow":["GET"]}}],"collection":[{"href":"https:\/\/www.mobile-well.com\/es\/wp-json\/wp\/v2\/product"}],"about":[{"href":"https:\/\/www.mobile-well.com\/es\/wp-json\/wp\/v2\/types\/product"}],"wp:featuredmedia":[{"embeddable":true,"href":"https:\/\/www.mobile-well.com\/es\/wp-json\/wp\/v2\/media\/112019"}],"wp:attachment":[{"href":"https:\/\/www.mobile-well.com\/es\/wp-json\/wp\/v2\/media?parent=112002"}],"wp:term":[{"taxonomy":"product_brand","embeddable":true,"href":"https:\/\/www.mobile-well.com\/es\/wp-json\/wp\/v2\/product_brand?post=112002"},{"taxonomy":"product_cat","embeddable":true,"href":"https:\/\/www.mobile-well.com\/es\/wp-json\/wp\/v2\/product_cat?post=112002"},{"taxonomy":"product_tag","embeddable":true,"href":"https:\/\/www.mobile-well.com\/es\/wp-json\/wp\/v2\/product_tag?post=112002"}],"curies":[{"name":"wp","href":"https:\/\/api.w.org\/{rel}","templated":true}]}}