{"id":112159,"date":"2023-07-26T15:23:20","date_gmt":"2023-07-26T07:23:20","guid":{"rendered":"https:\/\/www.mobile-well.com\/?post_type=product&#038;p=112159"},"modified":"2023-07-26T15:28:01","modified_gmt":"2023-07-26T07:28:01","slug":"somostel-2023-venta-al-por-mayor-mas-nuevo-tpu-silicona-rellena-de-aceite-funda-de-telefono-movil","status":"publish","type":"product","link":"https:\/\/www.mobile-well.com\/es\/producto\/somostel-2023-venta-al-por-mayor-mas-nuevo-tpu-silicona-rellena-de-aceite-funda-de-telefono-movil\/","title":{"rendered":"Somostel 2023 Venta al por mayor m\u00e1s nuevo TPU silicona rellena de aceite funda de tel\u00e9fono m\u00f3vil"},"content":{"rendered":"","protected":false},"excerpt":{"rendered":"<ul>\n<li>N.\u00ba de producto P7070-A16<\/li>\n<li>MOQ:200Pcs\/Modelo, 50Pcs\/color<\/li>\n<li>Material:TPU+PC<\/li>\n<li>Artesan\u00eda:inyecci\u00f3n de aceite<\/li>\n<li>N.W. del producto: 56.3g<\/li>\n<li>Producto G.W.:70.6g<\/li>\n<li>Tama\u00f1o CTN: 60*45*33cm,500pcs\/ctn,35.30KG<\/li>\n<\/ul>\n","protected":false},"featured_media":112174,"template":"","meta":[],"product_brand":[],"product_cat":[77],"product_tag":[8096],"class_list":{"0":"post-112159","1":"product","2":"type-product","3":"status-publish","4":"has-post-thumbnail","6":"product_cat-fundas","7":"product_tag-funda-de-telefono-movil","9":"first","10":"instock","11":"shipping-taxable","12":"product-type-simple"},"jetpack_sharing_enabled":true,"_links":{"self":[{"href":"https:\/\/www.mobile-well.com\/es\/wp-json\/wp\/v2\/product\/112159","targetHints":{"allow":["GET"]}}],"collection":[{"href":"https:\/\/www.mobile-well.com\/es\/wp-json\/wp\/v2\/product"}],"about":[{"href":"https:\/\/www.mobile-well.com\/es\/wp-json\/wp\/v2\/types\/product"}],"wp:featuredmedia":[{"embeddable":true,"href":"https:\/\/www.mobile-well.com\/es\/wp-json\/wp\/v2\/media\/112174"}],"wp:attachment":[{"href":"https:\/\/www.mobile-well.com\/es\/wp-json\/wp\/v2\/media?parent=112159"}],"wp:term":[{"taxonomy":"product_brand","embeddable":true,"href":"https:\/\/www.mobile-well.com\/es\/wp-json\/wp\/v2\/product_brand?post=112159"},{"taxonomy":"product_cat","embeddable":true,"href":"https:\/\/www.mobile-well.com\/es\/wp-json\/wp\/v2\/product_cat?post=112159"},{"taxonomy":"product_tag","embeddable":true,"href":"https:\/\/www.mobile-well.com\/es\/wp-json\/wp\/v2\/product_tag?post=112159"}],"curies":[{"name":"wp","href":"https:\/\/api.w.org\/{rel}","templated":true}]}}