{"id":112225,"date":"2023-07-27T16:30:13","date_gmt":"2023-07-27T08:30:13","guid":{"rendered":"https:\/\/www.mobile-well.com\/?post_type=product&#038;p=112225"},"modified":"2023-07-27T16:30:24","modified_gmt":"2023-07-27T08:30:24","slug":"somostel-nuevas-luces-rgb-deslumbrar-color-bluetooth-audio-precio-al-por-mayor","status":"publish","type":"product","link":"https:\/\/www.mobile-well.com\/es\/producto\/somostel-nuevas-luces-rgb-deslumbrar-color-bluetooth-audio-precio-al-por-mayor\/","title":{"rendered":"SOMOSTEL nuevas luces RGB deslumbrar color bluetooth audio precio al por mayor"},"content":{"rendered":"","protected":false},"excerpt":{"rendered":"<ul>\n<li>mini micr\u00f3fono inal\u00e1mbrico (micr\u00f3fono con bater\u00eda integrada de 500 mAh)<\/li>\n<li>Azul, azul cielo, verde, rojo, negro<\/li>\n<li>Altavoz de tres pulgadas y cinco vatios<\/li>\n<li>Bater\u00eda de 1200 mAh<\/li>\n<\/ul>\n","protected":false},"featured_media":112252,"template":"","meta":[],"product_brand":[],"product_cat":[3015],"product_tag":[8109,8110],"class_list":{"0":"post-112225","1":"product","2":"type-product","3":"status-publish","4":"has-post-thumbnail","6":"product_cat-audio","7":"product_tag-bluetooth-estereo","8":"product_tag-rgb-bluetooth-audio","10":"first","11":"instock","12":"shipping-taxable","13":"product-type-simple"},"jetpack_sharing_enabled":true,"_links":{"self":[{"href":"https:\/\/www.mobile-well.com\/es\/wp-json\/wp\/v2\/product\/112225","targetHints":{"allow":["GET"]}}],"collection":[{"href":"https:\/\/www.mobile-well.com\/es\/wp-json\/wp\/v2\/product"}],"about":[{"href":"https:\/\/www.mobile-well.com\/es\/wp-json\/wp\/v2\/types\/product"}],"wp:featuredmedia":[{"embeddable":true,"href":"https:\/\/www.mobile-well.com\/es\/wp-json\/wp\/v2\/media\/112252"}],"wp:attachment":[{"href":"https:\/\/www.mobile-well.com\/es\/wp-json\/wp\/v2\/media?parent=112225"}],"wp:term":[{"taxonomy":"product_brand","embeddable":true,"href":"https:\/\/www.mobile-well.com\/es\/wp-json\/wp\/v2\/product_brand?post=112225"},{"taxonomy":"product_cat","embeddable":true,"href":"https:\/\/www.mobile-well.com\/es\/wp-json\/wp\/v2\/product_cat?post=112225"},{"taxonomy":"product_tag","embeddable":true,"href":"https:\/\/www.mobile-well.com\/es\/wp-json\/wp\/v2\/product_tag?post=112225"}],"curies":[{"name":"wp","href":"https:\/\/api.w.org\/{rel}","templated":true}]}}