{"id":112545,"date":"2023-08-02T10:47:31","date_gmt":"2023-08-02T02:47:31","guid":{"rendered":"https:\/\/www.mobile-well.com\/?post_type=product&#038;p=112545"},"modified":"2023-08-02T10:47:34","modified_gmt":"2023-08-02T02:47:34","slug":"ultimos-auriculares-bluetooth-estereo-hd-translucidos-con-cancelacion-de-ruido","status":"publish","type":"product","link":"https:\/\/www.mobile-well.com\/es\/producto\/ultimos-auriculares-bluetooth-estereo-hd-translucidos-con-cancelacion-de-ruido\/","title":{"rendered":"\u00daltimos auriculares Bluetooth est\u00e9reo HD transl\u00facidos con cancelaci\u00f3n de ruido"},"content":{"rendered":"","protected":false},"excerpt":{"rendered":"<ul>\n<li>Altavoz:Bocina de membrana compuesta F13<\/li>\n<li>Versi\u00f3n BT: V5.3+ EDR<\/li>\n<li>Distancia de transmisi\u00f3n:10-15M<\/li>\n<li>Tiempo de escucha:8- 9H<\/li>\n<li>Tiempo de carga:Alrededor de 2.5H<\/li>\n<li>Bater\u00eda de los auriculares:50mAh<\/li>\n<li>Bater\u00eda del estuche de carga: 500mAh<\/li>\n<li>Puerto de carga:Type-C port<\/li>\n<li>Color:Blanco<\/li>\n<li>Peso de un auricular:3.8G<\/li>\n<li>N.W. del producto (estuche de carga + auriculares): 40.4G<\/li>\n<\/ul>\n","protected":false},"featured_media":112552,"template":"","meta":[],"product_brand":[],"product_cat":[3016],"product_tag":[8139],"class_list":{"0":"post-112545","1":"product","2":"type-product","3":"status-publish","4":"has-post-thumbnail","6":"product_cat-auriculares-bluetooth","7":"product_tag-auricular-bluetooth-estereo","9":"first","10":"instock","11":"shipping-taxable","12":"product-type-simple"},"jetpack_sharing_enabled":true,"_links":{"self":[{"href":"https:\/\/www.mobile-well.com\/es\/wp-json\/wp\/v2\/product\/112545","targetHints":{"allow":["GET"]}}],"collection":[{"href":"https:\/\/www.mobile-well.com\/es\/wp-json\/wp\/v2\/product"}],"about":[{"href":"https:\/\/www.mobile-well.com\/es\/wp-json\/wp\/v2\/types\/product"}],"wp:featuredmedia":[{"embeddable":true,"href":"https:\/\/www.mobile-well.com\/es\/wp-json\/wp\/v2\/media\/112552"}],"wp:attachment":[{"href":"https:\/\/www.mobile-well.com\/es\/wp-json\/wp\/v2\/media?parent=112545"}],"wp:term":[{"taxonomy":"product_brand","embeddable":true,"href":"https:\/\/www.mobile-well.com\/es\/wp-json\/wp\/v2\/product_brand?post=112545"},{"taxonomy":"product_cat","embeddable":true,"href":"https:\/\/www.mobile-well.com\/es\/wp-json\/wp\/v2\/product_cat?post=112545"},{"taxonomy":"product_tag","embeddable":true,"href":"https:\/\/www.mobile-well.com\/es\/wp-json\/wp\/v2\/product_tag?post=112545"}],"curies":[{"name":"wp","href":"https:\/\/api.w.org\/{rel}","templated":true}]}}