{"id":112567,"date":"2023-08-03T11:21:10","date_gmt":"2023-08-03T03:21:10","guid":{"rendered":"https:\/\/www.mobile-well.com\/?post_type=product&#038;p=112567"},"modified":"2023-08-03T11:21:13","modified_gmt":"2023-08-03T03:21:13","slug":"accesorios-para-telefonos-moviles-venta-al-por-mayor-cargador-inalambrico-transparente-de-succion-magnetica-3-en-1","status":"publish","type":"product","link":"https:\/\/www.mobile-well.com\/es\/producto\/accesorios-para-telefonos-moviles-venta-al-por-mayor-cargador-inalambrico-transparente-de-succion-magnetica-3-en-1\/","title":{"rendered":"Accesorios para tel\u00e9fonos m\u00f3viles, venta al por mayor, cargador inal\u00e1mbrico transparente de succi\u00f3n magn\u00e9tica 3 en 1"},"content":{"rendered":"","protected":false},"excerpt":{"rendered":"<ul>\n<li>Potencia: 20W (15W+5W+3W)<\/li>\n<li>Entrada: 9V-3A<\/li>\n<li>Salida: 9V-1.66A\/5V-3A<\/li>\n<li>Puerto de acceso: TIPO-C<\/li>\n<li>Material del producto: pl\u00e1stico ABS.<\/li>\n<li>Color del producto: negro, blanco.<\/li>\n<\/ul>\n","protected":false},"featured_media":112584,"template":"","meta":[],"product_brand":[],"product_cat":[541],"product_tag":[8147],"class_list":{"0":"post-112567","1":"product","2":"type-product","3":"status-publish","4":"has-post-thumbnail","6":"product_cat-cargadores-inalambricos","7":"product_tag-cargador-inalambrico-3-en-1","9":"first","10":"instock","11":"shipping-taxable","12":"product-type-simple"},"jetpack_sharing_enabled":true,"_links":{"self":[{"href":"https:\/\/www.mobile-well.com\/es\/wp-json\/wp\/v2\/product\/112567","targetHints":{"allow":["GET"]}}],"collection":[{"href":"https:\/\/www.mobile-well.com\/es\/wp-json\/wp\/v2\/product"}],"about":[{"href":"https:\/\/www.mobile-well.com\/es\/wp-json\/wp\/v2\/types\/product"}],"wp:featuredmedia":[{"embeddable":true,"href":"https:\/\/www.mobile-well.com\/es\/wp-json\/wp\/v2\/media\/112584"}],"wp:attachment":[{"href":"https:\/\/www.mobile-well.com\/es\/wp-json\/wp\/v2\/media?parent=112567"}],"wp:term":[{"taxonomy":"product_brand","embeddable":true,"href":"https:\/\/www.mobile-well.com\/es\/wp-json\/wp\/v2\/product_brand?post=112567"},{"taxonomy":"product_cat","embeddable":true,"href":"https:\/\/www.mobile-well.com\/es\/wp-json\/wp\/v2\/product_cat?post=112567"},{"taxonomy":"product_tag","embeddable":true,"href":"https:\/\/www.mobile-well.com\/es\/wp-json\/wp\/v2\/product_tag?post=112567"}],"curies":[{"name":"wp","href":"https:\/\/api.w.org\/{rel}","templated":true}]}}