{"id":112586,"date":"2023-08-03T14:40:35","date_gmt":"2023-08-03T06:40:35","guid":{"rendered":"https:\/\/www.mobile-well.com\/?post_type=product&#038;p=112586"},"modified":"2023-08-03T14:56:51","modified_gmt":"2023-08-03T06:56:51","slug":"auriculares-bluetooth-v5-3-wireless-transparent-bt-con-pantalla-digital-true-stereo-tws","status":"publish","type":"product","link":"https:\/\/www.mobile-well.com\/es\/producto\/auriculares-bluetooth-v5-3-wireless-transparent-bt-con-pantalla-digital-true-stereo-tws\/","title":{"rendered":"Auriculares Bluetooth Hot V5.3 inal\u00e1mbricos Hifi est\u00e9reo de dise\u00f1o transparente con pantalla digital TWS"},"content":{"rendered":"","protected":false},"excerpt":{"rendered":"<ul>\n<li>Nombre\uff1aAIR9 PLUS<\/li>\n<li>Auricular: 45mah<\/li>\n<li>Compartimento de carga: 200mah<\/li>\n<li>Tama\u00f1o de la caja: 52*56*26cm<\/li>\n<li>Peso: 10KG\/100pc<\/li>\n<\/ul>\n","protected":false},"featured_media":112603,"template":"","meta":[],"product_brand":[],"product_cat":[3016],"product_tag":[8148],"class_list":{"0":"post-112586","1":"product","2":"type-product","3":"status-publish","4":"has-post-thumbnail","6":"product_cat-auriculares-bluetooth","7":"product_tag-auricular-bluetooth-tws","9":"first","10":"instock","11":"shipping-taxable","12":"product-type-simple"},"jetpack_sharing_enabled":true,"_links":{"self":[{"href":"https:\/\/www.mobile-well.com\/es\/wp-json\/wp\/v2\/product\/112586","targetHints":{"allow":["GET"]}}],"collection":[{"href":"https:\/\/www.mobile-well.com\/es\/wp-json\/wp\/v2\/product"}],"about":[{"href":"https:\/\/www.mobile-well.com\/es\/wp-json\/wp\/v2\/types\/product"}],"wp:featuredmedia":[{"embeddable":true,"href":"https:\/\/www.mobile-well.com\/es\/wp-json\/wp\/v2\/media\/112603"}],"wp:attachment":[{"href":"https:\/\/www.mobile-well.com\/es\/wp-json\/wp\/v2\/media?parent=112586"}],"wp:term":[{"taxonomy":"product_brand","embeddable":true,"href":"https:\/\/www.mobile-well.com\/es\/wp-json\/wp\/v2\/product_brand?post=112586"},{"taxonomy":"product_cat","embeddable":true,"href":"https:\/\/www.mobile-well.com\/es\/wp-json\/wp\/v2\/product_cat?post=112586"},{"taxonomy":"product_tag","embeddable":true,"href":"https:\/\/www.mobile-well.com\/es\/wp-json\/wp\/v2\/product_tag?post=112586"}],"curies":[{"name":"wp","href":"https:\/\/api.w.org\/{rel}","templated":true}]}}