{"id":112629,"date":"2023-08-03T15:30:01","date_gmt":"2023-08-03T07:30:01","guid":{"rendered":"https:\/\/www.mobile-well.com\/?post_type=product&#038;p=112629"},"modified":"2023-08-03T15:30:16","modified_gmt":"2023-08-03T07:30:16","slug":"somostel-cs-4410-alta-calidad-de-audio-reproductor-de-musica-bt-inalambrico-usb-portatil-altavoz-bluetooth-de-mano","status":"publish","type":"product","link":"https:\/\/www.mobile-well.com\/es\/producto\/somostel-cs-4410-alta-calidad-de-audio-reproductor-de-musica-bt-inalambrico-usb-portatil-altavoz-bluetooth-de-mano\/","title":{"rendered":"SOMOSTEL CS-4410 Alta calidad de audio Reproductor de m\u00fasica BT inal\u00e1mbrico USB port\u00e1til altavoz Bluetooth de mano"},"content":{"rendered":"","protected":false},"excerpt":{"rendered":"<ul>\n<li>De color negro<\/li>\n<li>Funci\u00f3n: BT\/TF\/USB\/FM\/MIC\/TWS\/LED<\/li>\n<li>Tama\u00f1o: altavoz de 4 pulgadas y 5 vatios * 2<\/li>\n<li>Bater\u00eda: 1500mAh<\/li>\n<\/ul>\n","protected":false},"featured_media":112632,"template":"","meta":[],"product_brand":[],"product_cat":[310],"product_tag":[8150],"class_list":{"0":"post-112629","1":"product","2":"type-product","3":"status-publish","4":"has-post-thumbnail","6":"product_cat-parlantes","7":"product_tag-altavoz-bluetooth-portatil-usb","9":"first","10":"instock","11":"shipping-taxable","12":"product-type-simple"},"jetpack_sharing_enabled":true,"_links":{"self":[{"href":"https:\/\/www.mobile-well.com\/es\/wp-json\/wp\/v2\/product\/112629","targetHints":{"allow":["GET"]}}],"collection":[{"href":"https:\/\/www.mobile-well.com\/es\/wp-json\/wp\/v2\/product"}],"about":[{"href":"https:\/\/www.mobile-well.com\/es\/wp-json\/wp\/v2\/types\/product"}],"wp:featuredmedia":[{"embeddable":true,"href":"https:\/\/www.mobile-well.com\/es\/wp-json\/wp\/v2\/media\/112632"}],"wp:attachment":[{"href":"https:\/\/www.mobile-well.com\/es\/wp-json\/wp\/v2\/media?parent=112629"}],"wp:term":[{"taxonomy":"product_brand","embeddable":true,"href":"https:\/\/www.mobile-well.com\/es\/wp-json\/wp\/v2\/product_brand?post=112629"},{"taxonomy":"product_cat","embeddable":true,"href":"https:\/\/www.mobile-well.com\/es\/wp-json\/wp\/v2\/product_cat?post=112629"},{"taxonomy":"product_tag","embeddable":true,"href":"https:\/\/www.mobile-well.com\/es\/wp-json\/wp\/v2\/product_tag?post=112629"}],"curies":[{"name":"wp","href":"https:\/\/api.w.org\/{rel}","templated":true}]}}