{"id":112652,"date":"2023-08-03T15:38:09","date_gmt":"2023-08-03T07:38:09","guid":{"rendered":"https:\/\/www.mobile-well.com\/?post_type=product&#038;p=112652"},"modified":"2023-08-03T15:38:18","modified_gmt":"2023-08-03T07:38:18","slug":"nuevo-diseno-de-la-fabrica-de-china-actualizado-q43-iman-360-giratorio-soporte-plegable","status":"publish","type":"product","link":"https:\/\/www.mobile-well.com\/es\/producto\/nuevo-diseno-de-la-fabrica-de-china-actualizado-q43-iman-360-giratorio-soporte-plegable\/","title":{"rendered":"Nuevo dise\u00f1o de la f\u00e1brica de China actualizado Q43 im\u00e1n 360 \u00b0 giratorio soporte plegable"},"content":{"rendered":"","protected":false},"excerpt":{"rendered":"<ul>\n<li>Nombre\uff1aQ43 soporte del im\u00e1n se puede girar 360 \u00b0.<\/li>\n<li>MOQ: 100pcs<\/li>\n<\/ul>\n","protected":false},"featured_media":112657,"template":"","meta":[],"product_brand":[],"product_cat":[467],"product_tag":[8151],"class_list":{"0":"post-112652","1":"product","2":"type-product","3":"status-publish","4":"has-post-thumbnail","6":"product_cat-gadgets-2","7":"product_tag-360-giratorio-soporte-plegable","9":"first","10":"instock","11":"shipping-taxable","12":"product-type-simple"},"jetpack_sharing_enabled":true,"_links":{"self":[{"href":"https:\/\/www.mobile-well.com\/es\/wp-json\/wp\/v2\/product\/112652","targetHints":{"allow":["GET"]}}],"collection":[{"href":"https:\/\/www.mobile-well.com\/es\/wp-json\/wp\/v2\/product"}],"about":[{"href":"https:\/\/www.mobile-well.com\/es\/wp-json\/wp\/v2\/types\/product"}],"wp:featuredmedia":[{"embeddable":true,"href":"https:\/\/www.mobile-well.com\/es\/wp-json\/wp\/v2\/media\/112657"}],"wp:attachment":[{"href":"https:\/\/www.mobile-well.com\/es\/wp-json\/wp\/v2\/media?parent=112652"}],"wp:term":[{"taxonomy":"product_brand","embeddable":true,"href":"https:\/\/www.mobile-well.com\/es\/wp-json\/wp\/v2\/product_brand?post=112652"},{"taxonomy":"product_cat","embeddable":true,"href":"https:\/\/www.mobile-well.com\/es\/wp-json\/wp\/v2\/product_cat?post=112652"},{"taxonomy":"product_tag","embeddable":true,"href":"https:\/\/www.mobile-well.com\/es\/wp-json\/wp\/v2\/product_tag?post=112652"}],"curies":[{"name":"wp","href":"https:\/\/api.w.org\/{rel}","templated":true}]}}