{"id":112998,"date":"2023-08-17T10:32:28","date_gmt":"2023-08-17T02:32:28","guid":{"rendered":"https:\/\/www.mobile-well.com\/?post_type=product&#038;p=112998"},"modified":"2023-08-17T11:01:38","modified_gmt":"2023-08-17T03:01:38","slug":"mayorista-funda-de-telefono-con-lente-oculta-funda-de-telefono-tpupc-translucida-de-color","status":"publish","type":"product","link":"https:\/\/www.mobile-well.com\/es\/producto\/mayorista-funda-de-telefono-con-lente-oculta-funda-de-telefono-tpupc-translucida-de-color\/","title":{"rendered":"Mayorista Funda de Tel\u00e9fono con Lente Oculta Funda de Tel\u00e9fono TPU+PC Transl\u00facida de Color"},"content":{"rendered":"","protected":false},"excerpt":{"rendered":"<ul>\n<li>Producto NO. : P7270-A04<\/li>\n<li>Material : inyecci\u00f3n de aceite<\/li>\n<li>Artesan\u00eda:TPU+PC<\/li>\n<li>MOQ : 10Pcs\/Modelo, 10Pcs\/Color<\/li>\n<li>N.W. del producto : 46.5g<\/li>\n<li>Producto G.W.: 70.8g<\/li>\n<li>Tama\u00f1o CTN : 60*45*33cm , 500pcs\/ctn , 35.40KG<\/li>\n<\/ul>\n","protected":false},"featured_media":113005,"template":"","meta":[],"product_brand":[],"product_cat":[77],"product_tag":[8318,8305],"class_list":{"0":"post-112998","1":"product","2":"type-product","3":"status-publish","4":"has-post-thumbnail","6":"product_cat-fundas","7":"product_tag-lente-oculta-funda-de-telefono","8":"product_tag-mayorista-funda-de-telefono","10":"first","11":"instock","12":"shipping-taxable","13":"product-type-simple"},"jetpack_sharing_enabled":true,"_links":{"self":[{"href":"https:\/\/www.mobile-well.com\/es\/wp-json\/wp\/v2\/product\/112998","targetHints":{"allow":["GET"]}}],"collection":[{"href":"https:\/\/www.mobile-well.com\/es\/wp-json\/wp\/v2\/product"}],"about":[{"href":"https:\/\/www.mobile-well.com\/es\/wp-json\/wp\/v2\/types\/product"}],"wp:featuredmedia":[{"embeddable":true,"href":"https:\/\/www.mobile-well.com\/es\/wp-json\/wp\/v2\/media\/113005"}],"wp:attachment":[{"href":"https:\/\/www.mobile-well.com\/es\/wp-json\/wp\/v2\/media?parent=112998"}],"wp:term":[{"taxonomy":"product_brand","embeddable":true,"href":"https:\/\/www.mobile-well.com\/es\/wp-json\/wp\/v2\/product_brand?post=112998"},{"taxonomy":"product_cat","embeddable":true,"href":"https:\/\/www.mobile-well.com\/es\/wp-json\/wp\/v2\/product_cat?post=112998"},{"taxonomy":"product_tag","embeddable":true,"href":"https:\/\/www.mobile-well.com\/es\/wp-json\/wp\/v2\/product_tag?post=112998"}],"curies":[{"name":"wp","href":"https:\/\/api.w.org\/{rel}","templated":true}]}}