{"id":113017,"date":"2023-08-17T11:23:46","date_gmt":"2023-08-17T03:23:46","guid":{"rendered":"https:\/\/www.mobile-well.com\/?post_type=product&#038;p=113017"},"modified":"2023-08-17T14:13:53","modified_gmt":"2023-08-17T06:13:53","slug":"funda-para-telefono-movil-con-poros-finos-sentido-de-la-piel-funcion-magnetica-cubierta-protectora-a-prueba-de-golpes-y-caidas","status":"publish","type":"product","link":"https:\/\/www.mobile-well.com\/es\/producto\/funda-para-telefono-movil-con-poros-finos-sentido-de-la-piel-funcion-magnetica-cubierta-protectora-a-prueba-de-golpes-y-caidas\/","title":{"rendered":"Funda para tel\u00e9fono m\u00f3vil con poros finos, sentido de la piel, funci\u00f3n magn\u00e9tica, cubierta protectora a prueba de golpes y ca\u00eddas"},"content":{"rendered":"","protected":false},"excerpt":{"rendered":"<ul>\n<li>Producto NO. : P7270-A11<\/li>\n<li>Material: PC c\u00edrculo de agujeros de precisi\u00f3n + pel\u00edcula de vidrio + botones individuales<\/li>\n<li>Artesan\u00eda:inyecci\u00f3n de aceite<\/li>\n<li>MOQ : 20Pcs\/Modelo, 20Pcs\/Color<\/li>\n<li>Producto N.W. : 40.8g<\/li>\n<li>Tama\u00f1o CTN : 60*45*33cm , 500pcs\/ctn , 20.40KG<\/li>\n<\/ul>\n","protected":false},"featured_media":113044,"template":"","meta":[],"product_brand":[],"product_cat":[77],"product_tag":[8320,8319,8316],"class_list":{"0":"post-113017","1":"product","2":"type-product","3":"status-publish","4":"has-post-thumbnail","6":"product_cat-fundas","7":"product_tag-cubierta-protectora-a-prueba-de-golpes-y-caidas","8":"product_tag-funcion-magnetica","9":"product_tag-funda-para-telefono","11":"first","12":"instock","13":"shipping-taxable","14":"product-type-simple"},"jetpack_sharing_enabled":true,"_links":{"self":[{"href":"https:\/\/www.mobile-well.com\/es\/wp-json\/wp\/v2\/product\/113017","targetHints":{"allow":["GET"]}}],"collection":[{"href":"https:\/\/www.mobile-well.com\/es\/wp-json\/wp\/v2\/product"}],"about":[{"href":"https:\/\/www.mobile-well.com\/es\/wp-json\/wp\/v2\/types\/product"}],"wp:featuredmedia":[{"embeddable":true,"href":"https:\/\/www.mobile-well.com\/es\/wp-json\/wp\/v2\/media\/113044"}],"wp:attachment":[{"href":"https:\/\/www.mobile-well.com\/es\/wp-json\/wp\/v2\/media?parent=113017"}],"wp:term":[{"taxonomy":"product_brand","embeddable":true,"href":"https:\/\/www.mobile-well.com\/es\/wp-json\/wp\/v2\/product_brand?post=113017"},{"taxonomy":"product_cat","embeddable":true,"href":"https:\/\/www.mobile-well.com\/es\/wp-json\/wp\/v2\/product_cat?post=113017"},{"taxonomy":"product_tag","embeddable":true,"href":"https:\/\/www.mobile-well.com\/es\/wp-json\/wp\/v2\/product_tag?post=113017"}],"curies":[{"name":"wp","href":"https:\/\/api.w.org\/{rel}","templated":true}]}}