{"id":113052,"date":"2023-08-17T11:52:20","date_gmt":"2023-08-17T03:52:20","guid":{"rendered":"https:\/\/www.mobile-well.com\/?post_type=product&#038;p=113052"},"modified":"2023-08-17T11:52:23","modified_gmt":"2023-08-17T03:52:23","slug":"proteccion-de-pelicula-de-lente-de-agujero-de-precision-tpu-pc-color-transparente-2-en-1-funda-para-telefono-movil","status":"publish","type":"product","link":"https:\/\/www.mobile-well.com\/es\/producto\/proteccion-de-pelicula-de-lente-de-agujero-de-precision-tpu-pc-color-transparente-2-en-1-funda-para-telefono-movil\/","title":{"rendered":"Protecci\u00f3n de pel\u00edcula de lente de agujero de precisi\u00f3n TPU + PC color transparente 2 en 1 funda para tel\u00e9fono m\u00f3vil"},"content":{"rendered":"","protected":false},"excerpt":{"rendered":"<ul>\n<li>Producto NO. : P7270-A05<\/li>\n<li>Material : TPU+PC<\/li>\n<li>Artesan\u00eda:inyecci\u00f3n de aceite<\/li>\n<li>MOQ : 10Pcs\/Modelo, 10Pcs\/Color<\/li>\n<li>Peso neto del producto : 43.7g<\/li>\n<li>Producto G.W. : 96.5g<\/li>\n<li>Tama\u00f1o CTN : 60*45*33cm , 500pcs\/ctn , 48.25KG<\/li>\n<\/ul>\n","protected":false},"featured_media":113061,"template":"","meta":[],"product_brand":[],"product_cat":[77],"product_tag":[8321],"class_list":{"0":"post-113052","1":"product","2":"type-product","3":"status-publish","4":"has-post-thumbnail","6":"product_cat-fundas","7":"product_tag-2-en-1-funda-para-telefono-movil","9":"first","10":"instock","11":"shipping-taxable","12":"product-type-simple"},"jetpack_sharing_enabled":true,"_links":{"self":[{"href":"https:\/\/www.mobile-well.com\/es\/wp-json\/wp\/v2\/product\/113052","targetHints":{"allow":["GET"]}}],"collection":[{"href":"https:\/\/www.mobile-well.com\/es\/wp-json\/wp\/v2\/product"}],"about":[{"href":"https:\/\/www.mobile-well.com\/es\/wp-json\/wp\/v2\/types\/product"}],"wp:featuredmedia":[{"embeddable":true,"href":"https:\/\/www.mobile-well.com\/es\/wp-json\/wp\/v2\/media\/113061"}],"wp:attachment":[{"href":"https:\/\/www.mobile-well.com\/es\/wp-json\/wp\/v2\/media?parent=113052"}],"wp:term":[{"taxonomy":"product_brand","embeddable":true,"href":"https:\/\/www.mobile-well.com\/es\/wp-json\/wp\/v2\/product_brand?post=113052"},{"taxonomy":"product_cat","embeddable":true,"href":"https:\/\/www.mobile-well.com\/es\/wp-json\/wp\/v2\/product_cat?post=113052"},{"taxonomy":"product_tag","embeddable":true,"href":"https:\/\/www.mobile-well.com\/es\/wp-json\/wp\/v2\/product_tag?post=113052"}],"curies":[{"name":"wp","href":"https:\/\/api.w.org\/{rel}","templated":true}]}}