{"id":113119,"date":"2023-08-18T17:14:32","date_gmt":"2023-08-18T09:14:32","guid":{"rendered":"https:\/\/www.mobile-well.com\/?post_type=product&#038;p=113119"},"modified":"2023-08-18T17:15:04","modified_gmt":"2023-08-18T09:15:04","slug":"funda-protectora-de-lente-de-pc-con-funcion-de-atraccion-magnetica-y-disipador-de-calor-de-malla","status":"publish","type":"product","link":"https:\/\/www.mobile-well.com\/es\/producto\/funda-protectora-de-lente-de-pc-con-funcion-de-atraccion-magnetica-y-disipador-de-calor-de-malla\/","title":{"rendered":"Funda protectora de lente de PC con funci\u00f3n de atracci\u00f3n magn\u00e9tica y disipador de calor de malla"},"content":{"rendered":"","protected":false},"excerpt":{"rendered":"<ul>\n<li>Producto NO. : P7270-A09<\/li>\n<li>Material : PC+Pel\u00edcula de lente de cristal+Hoja magnetizadora<\/li>\n<li>Artesan\u00eda: spray de aceite palpador<\/li>\n<li>MOQ : 20Pcs\/Modelo, 20Pcs\/Color<\/li>\n<li>Producto N.W. : 21.2g<\/li>\n<li>Tama\u00f1o CTN : 60*45*33cm , 500pcs\/ctn , 10.60KG<\/li>\n<\/ul>\n","protected":false},"featured_media":113126,"template":"","meta":[],"product_brand":[],"product_cat":[77],"product_tag":[8362,8361],"class_list":{"0":"post-113119","1":"product","2":"type-product","3":"status-publish","4":"has-post-thumbnail","6":"product_cat-fundas","7":"product_tag-disipador-de-calor-de-malla","8":"product_tag-funda-protectora-de-lente-de-pc","10":"first","11":"instock","12":"shipping-taxable","13":"product-type-simple"},"jetpack_sharing_enabled":true,"_links":{"self":[{"href":"https:\/\/www.mobile-well.com\/es\/wp-json\/wp\/v2\/product\/113119","targetHints":{"allow":["GET"]}}],"collection":[{"href":"https:\/\/www.mobile-well.com\/es\/wp-json\/wp\/v2\/product"}],"about":[{"href":"https:\/\/www.mobile-well.com\/es\/wp-json\/wp\/v2\/types\/product"}],"wp:featuredmedia":[{"embeddable":true,"href":"https:\/\/www.mobile-well.com\/es\/wp-json\/wp\/v2\/media\/113126"}],"wp:attachment":[{"href":"https:\/\/www.mobile-well.com\/es\/wp-json\/wp\/v2\/media?parent=113119"}],"wp:term":[{"taxonomy":"product_brand","embeddable":true,"href":"https:\/\/www.mobile-well.com\/es\/wp-json\/wp\/v2\/product_brand?post=113119"},{"taxonomy":"product_cat","embeddable":true,"href":"https:\/\/www.mobile-well.com\/es\/wp-json\/wp\/v2\/product_cat?post=113119"},{"taxonomy":"product_tag","embeddable":true,"href":"https:\/\/www.mobile-well.com\/es\/wp-json\/wp\/v2\/product_tag?post=113119"}],"curies":[{"name":"wp","href":"https:\/\/api.w.org\/{rel}","templated":true}]}}