{"id":113176,"date":"2023-08-21T11:24:27","date_gmt":"2023-08-21T03:24:27","guid":{"rendered":"https:\/\/www.mobile-well.com\/?post_type=product&#038;p=113176"},"modified":"2023-08-21T11:24:28","modified_gmt":"2023-08-21T03:24:28","slug":"marco-de-camara-negro-gran-agujero-inyeccion-de-aceite-tpupc-2-en-1-funda-de-telefono","status":"publish","type":"product","link":"https:\/\/www.mobile-well.com\/es\/producto\/marco-de-camara-negro-gran-agujero-inyeccion-de-aceite-tpupc-2-en-1-funda-de-telefono\/","title":{"rendered":"Marco de c\u00e1mara negro gran agujero inyecci\u00f3n de aceite TPU+PC 2 en 1 Funda de tel\u00e9fono"},"content":{"rendered":"","protected":false},"excerpt":{"rendered":"<ul>\n<li>Producto NO. : P7270-A03<\/li>\n<li>Material : TPU+PC<\/li>\n<li>Artesan\u00eda:inyecci\u00f3n de aceite<\/li>\n<li>MOQ : 100Pcs\/Modelo, 30Pcs\/Color<\/li>\n<li>N.W. del producto : 26.4g<\/li>\n<li>Tama\u00f1o CTN : 60*45*33cm , 500pcs\/ctn , 13.20KG<\/li>\n<\/ul>\n","protected":false},"featured_media":113183,"template":"","meta":[],"product_brand":[],"product_cat":[77],"product_tag":[8411],"class_list":{"0":"post-113176","1":"product","2":"type-product","3":"status-publish","4":"has-post-thumbnail","6":"product_cat-fundas","7":"product_tag-2-en-1-funda-de-telefono","9":"first","10":"instock","11":"shipping-taxable","12":"product-type-simple"},"jetpack_sharing_enabled":true,"_links":{"self":[{"href":"https:\/\/www.mobile-well.com\/es\/wp-json\/wp\/v2\/product\/113176","targetHints":{"allow":["GET"]}}],"collection":[{"href":"https:\/\/www.mobile-well.com\/es\/wp-json\/wp\/v2\/product"}],"about":[{"href":"https:\/\/www.mobile-well.com\/es\/wp-json\/wp\/v2\/types\/product"}],"wp:featuredmedia":[{"embeddable":true,"href":"https:\/\/www.mobile-well.com\/es\/wp-json\/wp\/v2\/media\/113183"}],"wp:attachment":[{"href":"https:\/\/www.mobile-well.com\/es\/wp-json\/wp\/v2\/media?parent=113176"}],"wp:term":[{"taxonomy":"product_brand","embeddable":true,"href":"https:\/\/www.mobile-well.com\/es\/wp-json\/wp\/v2\/product_brand?post=113176"},{"taxonomy":"product_cat","embeddable":true,"href":"https:\/\/www.mobile-well.com\/es\/wp-json\/wp\/v2\/product_cat?post=113176"},{"taxonomy":"product_tag","embeddable":true,"href":"https:\/\/www.mobile-well.com\/es\/wp-json\/wp\/v2\/product_tag?post=113176"}],"curies":[{"name":"wp","href":"https:\/\/api.w.org\/{rel}","templated":true}]}}