{"id":113253,"date":"2023-08-21T14:23:28","date_gmt":"2023-08-21T06:23:28","guid":{"rendered":"https:\/\/www.mobile-well.com\/?post_type=product&#038;p=113253"},"modified":"2023-08-21T14:23:52","modified_gmt":"2023-08-21T06:23:52","slug":"nueva-venta-caliente-de-malla-disipador-de-calor-funcion-de-precision-agujero-carcasa-del-telefono-movil","status":"publish","type":"product","link":"https:\/\/www.mobile-well.com\/es\/producto\/nueva-venta-caliente-de-malla-disipador-de-calor-funcion-de-precision-agujero-carcasa-del-telefono-movil\/","title":{"rendered":"Nueva venta caliente de malla disipador de calor funci\u00f3n de precisi\u00f3n agujero carcasa del tel\u00e9fono m\u00f3vil"},"content":{"rendered":"","protected":false},"excerpt":{"rendered":"<ul>\n<li>Producto NO. : P7270-A10<\/li>\n<li>Material : hoja de vidrio de envoltura completa pc con ventana grande + im\u00e1n incorporado<\/li>\n<li>Artesan\u00eda:inyecci\u00f3n de aceite<\/li>\n<li>MOQ : 50Pcs\/Modelo, 10Pcs\/Color<\/li>\n<li>N.W. del producto : 22.7g<\/li>\n<li>Tama\u00f1o CTN : 60*45*33cm , 500pcs\/ctn , 11.35KG<\/li>\n<\/ul>\n","protected":false},"featured_media":113266,"template":"","meta":[],"product_brand":[],"product_cat":[77],"product_tag":[8415],"class_list":{"0":"post-113253","1":"product","2":"type-product","3":"status-publish","4":"has-post-thumbnail","6":"product_cat-fundas","7":"product_tag-precision-agujero-carcasa-del-telefono-movil","9":"first","10":"instock","11":"shipping-taxable","12":"product-type-simple"},"jetpack_sharing_enabled":true,"_links":{"self":[{"href":"https:\/\/www.mobile-well.com\/es\/wp-json\/wp\/v2\/product\/113253","targetHints":{"allow":["GET"]}}],"collection":[{"href":"https:\/\/www.mobile-well.com\/es\/wp-json\/wp\/v2\/product"}],"about":[{"href":"https:\/\/www.mobile-well.com\/es\/wp-json\/wp\/v2\/types\/product"}],"wp:featuredmedia":[{"embeddable":true,"href":"https:\/\/www.mobile-well.com\/es\/wp-json\/wp\/v2\/media\/113266"}],"wp:attachment":[{"href":"https:\/\/www.mobile-well.com\/es\/wp-json\/wp\/v2\/media?parent=113253"}],"wp:term":[{"taxonomy":"product_brand","embeddable":true,"href":"https:\/\/www.mobile-well.com\/es\/wp-json\/wp\/v2\/product_brand?post=113253"},{"taxonomy":"product_cat","embeddable":true,"href":"https:\/\/www.mobile-well.com\/es\/wp-json\/wp\/v2\/product_cat?post=113253"},{"taxonomy":"product_tag","embeddable":true,"href":"https:\/\/www.mobile-well.com\/es\/wp-json\/wp\/v2\/product_tag?post=113253"}],"curies":[{"name":"wp","href":"https:\/\/api.w.org\/{rel}","templated":true}]}}