{"id":113313,"date":"2023-08-22T10:57:52","date_gmt":"2023-08-22T02:57:52","guid":{"rendered":"https:\/\/www.mobile-well.com\/?post_type=product&#038;p=113313"},"modified":"2023-08-22T10:57:54","modified_gmt":"2023-08-22T02:57:54","slug":"venta-al-por-mayor-ultrafino-agujero-grande-tpu-acrilico-resina-epoxi-y-la-decoracion-de-fundas-de-telefonos-moviles","status":"publish","type":"product","link":"https:\/\/www.mobile-well.com\/es\/producto\/venta-al-por-mayor-ultrafino-agujero-grande-tpu-acrilico-resina-epoxi-y-la-decoracion-de-fundas-de-telefonos-moviles\/","title":{"rendered":"Venta al por mayor ultrafino agujero grande TPU + acr\u00edlico resina epoxi y la decoraci\u00f3n de fundas de tel\u00e9fonos m\u00f3viles"},"content":{"rendered":"","protected":false},"excerpt":{"rendered":"<ul>\n<li>Producto NO. : P7270-A16<\/li>\n<li>Material: TPU + acr\u00edlico<\/li>\n<li>Artesan\u00eda: Epoxi + decoraciones<\/li>\n<li>MOQ : 100Pcs\/Modelo, 30Pcs\/Color<\/li>\n<li>N.W. del producto: 31.8g<\/li>\n<li>Tama\u00f1o CTN : 60*45*33cm , 500pcs\/ctn , 15.90KG<\/li>\n<\/ul>\n","protected":false},"featured_media":113322,"template":"","meta":[],"product_brand":[],"product_cat":[77],"product_tag":[8447],"class_list":{"0":"post-113313","1":"product","2":"type-product","3":"status-publish","4":"has-post-thumbnail","6":"product_cat-fundas","7":"product_tag-fundas-de-telefonos-moviles","9":"first","10":"instock","11":"shipping-taxable","12":"product-type-simple"},"jetpack_sharing_enabled":true,"_links":{"self":[{"href":"https:\/\/www.mobile-well.com\/es\/wp-json\/wp\/v2\/product\/113313","targetHints":{"allow":["GET"]}}],"collection":[{"href":"https:\/\/www.mobile-well.com\/es\/wp-json\/wp\/v2\/product"}],"about":[{"href":"https:\/\/www.mobile-well.com\/es\/wp-json\/wp\/v2\/types\/product"}],"wp:featuredmedia":[{"embeddable":true,"href":"https:\/\/www.mobile-well.com\/es\/wp-json\/wp\/v2\/media\/113322"}],"wp:attachment":[{"href":"https:\/\/www.mobile-well.com\/es\/wp-json\/wp\/v2\/media?parent=113313"}],"wp:term":[{"taxonomy":"product_brand","embeddable":true,"href":"https:\/\/www.mobile-well.com\/es\/wp-json\/wp\/v2\/product_brand?post=113313"},{"taxonomy":"product_cat","embeddable":true,"href":"https:\/\/www.mobile-well.com\/es\/wp-json\/wp\/v2\/product_cat?post=113313"},{"taxonomy":"product_tag","embeddable":true,"href":"https:\/\/www.mobile-well.com\/es\/wp-json\/wp\/v2\/product_tag?post=113313"}],"curies":[{"name":"wp","href":"https:\/\/api.w.org\/{rel}","templated":true}]}}